{"id":4218,"date":"2019-04-24T14:46:57","date_gmt":"2019-04-24T12:46:57","guid":{"rendered":"https:\/\/www.logoconsult.at\/wp\/?page_id=4218"},"modified":"2020-01-29T16:58:09","modified_gmt":"2020-01-29T15:58:09","slug":"sanierungsmanagement","status":"publish","type":"page","link":"https:\/\/www.logoconsult.at\/wp\/beratung\/sanierungsmanagement\/","title":{"rendered":"Sanierungsmanagement"},"content":{"rendered":"<p>[vc_row][vc_column]<h2 class='heading-left  divider-sm' ><span>SANIERUNGSMANAGEMENT NEU GEDACHT<\/span><\/h2>[\/vc_column][\/vc_row][vc_row el_class=&#8221;content-referenzen&#8221;][vc_column width=&#8221;1\/4&#8243;][vc_column_text]<\/p>\n<h1 style=\"text-align: center; font-size: 48px;\">1<\/h1>\n<p>[\/vc_column_text][\/vc_column][vc_column width=&#8221;3\/4&#8243;][vc_column_text]<strong>Interdisziplin\u00e4r denken und arbeiten<\/strong><\/p>\n<p>Bei Sanierungsma\u00dfnahmen m\u00fcssen sich finanzielle, betriebswirtschaftliche und organisatorische Ma\u00dfnahmen gegenseitig st\u00fctzen und erg\u00e4nzen. Dabei ist eine \u00fcber die Betriebswirtschaft hinausreichende Beurteilung der Sanierungsf\u00e4higkeit absolut notwendig.<br \/>\nSowohl eine organisatorische Neuorientierung als auch eine existenzielle Wende sind unverr\u00fcckbare Grundlagen f\u00fcr eine R\u00fcckkehr zum Erfolg.[\/vc_column_text][\/vc_column][\/vc_row][vc_row el_class=&#8221;content-referenzen&#8221;][vc_column width=&#8221;1\/4&#8243;][vc_column_text]<\/p>\n<h1 style=\"text-align: center; font-size: 48px;\">2<\/h1>\n<p>[\/vc_column_text][\/vc_column][vc_column width=&#8221;3\/4&#8243;][vc_column_text]<strong>Die existenzielle Wende<\/strong><\/p>\n<p>Vom Warum zum Wozu einer Sanierung zu gelangen hei\u00dft, Sinn f\u00fcr das Unternehmen und das (Arbeits-)Leben neu zu entdecken.<br \/>\nSinn beseitigt die l\u00e4hmende Resignation und reduziert die Hoffnungs- und Orientierungslosigkeit.<br \/>\nSinn hat motivierenden Charakter, f\u00f6rdert die Leistungsf\u00e4higkeit und verbessert die psychische Widerstandskraft.[\/vc_column_text][\/vc_column][\/vc_row][vc_row el_class=&#8221;content-referenzen&#8221;][vc_column width=&#8221;1\/4&#8243;][vc_column_text]<\/p>\n<h1 style=\"text-align: center; font-size: 48px;\">3<\/h1>\n<p>[\/vc_column_text][\/vc_column][vc_column width=&#8221;3\/4&#8243;][vc_column_text]<strong>Ver\u00e4nderung der mentalen Einstellung<\/strong><\/p>\n<p>Menschliches Verhalten wird nicht so sehr von den Bedingungen diktiert, die der Mensch antrifft, sondern vielmehr von Entscheidungen, die er trifft.[\/vc_column_text][\/vc_column][\/vc_row][vc_row][vc_column]<h2 class='heading-left  divider-sm' ><span>AUS DER KRISE ZUM ERFOLG: DIE ERSTEN DREI SCHRITTE<\/span><\/h2>[vc_column_text]<strong>SCHRITT 1:<\/strong><\/p>\n<p>Kontaktaufnahme der Bank mit dem Kunden in Vertraulichkeit und Sensibilit\u00e4t<\/p>\n<ul>\n<li>Information \u00fcber neue M\u00f6glichkeiten f\u00fcr die R\u00fcckkehr zum Erfolg<\/li>\n<li>Das Ziel, die Hilfestellung und das Engagement der Hausbank werden f\u00fcr einen<br \/>\n        gemeinsamen Nutzen in den Vordergrund ger\u00fcckt<\/li>\n<li>Der Kunde organisiert ein Kennenlern- bzw. Orientierungsgespr\u00e4ch:<\/li>\n<\/ul>\n<p>Kunde &#8211; Hausbank (optional) &#8211; ANCONA \/ logo consult<\/p>\n<p>&nbsp;<\/p>\n<p><strong>SCHRITT 2:<\/strong><\/p>\n<p>Orientierungsgespr\u00e4ch: Unternehmen &#8211; ANCONA \/ LOGO CONSULT<\/p>\n<ul>\n<li>Kennenlernen:<\/li>\n<li>Wir wollen f\u00fcr Menschen da sein<\/li>\n<li>Wir denken und arbeiten interdisziplin\u00e4r<\/li>\n<li>Konzeptpr\u00e4sentation:<br \/>\n        &#8211; Der f\u00fcnffache Nutzen f\u00fcr das Unternehmen<br \/>\n        &#8211; Konsens 2013 \u201eGrunds\u00e4tze f\u00fcr Restrukturierungen in \u00d6sterreich\u201c<\/li>\n<li>Grundsatzentscheidung zum Faktencheck<\/li>\n<li>Erwartungshaltung, W\u00fcnsche und Anforderungen des Unternehmens<\/li>\n<li>Unsere Leistung<\/li>\n<\/ul>\n<p>&nbsp;<\/p>\n<p><strong>SCHRITT 3:<\/strong><\/p>\n<p>Abschluss: Geheimhaltungsvereinbarung<\/p>\n<ul>\n<li>Interdisziplin\u00e4rer Faktencheck der Basisunterlagen<\/li>\n<li>Analyse der betriebswirtschaftlichen Basisunterlagen<\/li>\n<li>Orientierungsgespr\u00e4che aus dem Blickwinkel der Organisations- und<\/li>\n<li>Gesundheitspsychologie<\/li>\n<\/ul>\n<p>&nbsp;<\/p>\n<p><strong>Der erste Nutzen:<\/strong><\/p>\n<ul>\n<li>Vorl\u00e4ufige Analyse und R\u00fcckmeldung der Gesamtsituation<\/li>\n<li>Grobkonzept: Sanierungsvorschl\u00e4ge<\/li>\n<\/ul>\n<p>&nbsp;<\/p>\n<p><strong>Grundsatzentscheidung durch das Unternehmen: Zusammenarbeit \u2013 Durchf\u00fchrung der Sanierung<\/strong>[\/vc_column_text][\/vc_column][\/vc_row][vc_row][vc_column]<h2 class='heading-left  divider-sm' ><span>IHR F\u00dcNFFACHER NUTZEN: DAS LEBENSWERK MIT IHNEN GEMEINSAM SICHERN<\/span><\/h2>[vc_column_text]<\/p>\n<ol>\n<li>Wir denken und arbeiten interdisziplin\u00e4r.<\/li>\n<li>Der Fortbestand des Unternehmens und der Erhalt der Arbeitspl\u00e4tze haben oberste Priorit\u00e4t.<\/li>\n<li>Wir f\u00fchren von Beginn an mit allen Entscheidungstr\u00e4ger(inne)n und ma\u00dfgeblichen Institutionen Gespr\u00e4che.<\/li>\n<li>Wir begleiten und unterst\u00fctzen anlassbezogen die Hauptverantwortlichen mit betriebswirtschaftlichem Know-how.<\/li>\n<li>Wir begleiten und unterst\u00fctzen Sie organisationspsychologisch.<br \/>\n        Wir f\u00f6rdern die Kommunikation.<br \/>\n        Wir helfen beim gegenseitigen Verstehen.<\/li>\n<\/ol>\n<p>[\/vc_column_text][vc_column_text]<strong>Das Sanierungsmanagement wird durchgef\u00fchrt von:<\/strong>[\/vc_column_text][\/vc_column][\/vc_row][vc_row][vc_column width=&#8221;1\/3&#8243;][vc_single_image image=&#8221;4231&#8243; img_size=&#8221;full&#8221;][\/vc_column][vc_column width=&#8221;1\/3&#8243;][\/vc_column][vc_column width=&#8221;1\/3&#8243;][vc_single_image image=&#8221;4139&#8243; img_size=&#8221;full&#8221;][\/vc_column][\/vc_row][vc_row][vc_column width=&#8221;1\/3&#8243;][vc_column_text]<strong>Ing. Hans K\u00f6stenbauer<br \/>\n<\/strong><\/p>\n<p>Allgemein bee<img loading=\"lazy\" class=\"size-full wp-image-4253 alignright\" src=\"https:\/\/www.logoconsult.at\/wp\/wp-content\/uploads\/2019\/04\/koestenbauer.jpg\" alt=\"\" width=\"76\" height=\"79\" \/>ideter und<br \/>\ngerichtlich zertifizierter<br \/>\nSachverst\u00e4ndiger<\/p>\n<p><strong>\u00a0<\/strong>[\/vc_column_text][\/vc_column][vc_column width=&#8221;1\/3&#8243;][\/vc_column][vc_column width=&#8221;1\/3&#8243;][vc_column_text]<strong>Dr. Helmut Graf<\/strong>[\/vc_column_text][\/vc_column][\/vc_row][vc_row][vc_column width=&#8221;1\/3&#8243;][vc_column_text]<a id='button-id-' target='_blank' href='https:\/\/www.yumpu.com\/de\/document\/read\/62631242\/sanierungsmanagement-kundenfolder' class='btn btn-normal btn-md' style=''>Informations<br \/>\nfolder<\/a>[\/vc_column_text][\/vc_column][vc_column width=&#8221;1\/3&#8243;][\/vc_column][vc_column width=&#8221;1\/3&#8243;][\/vc_column][\/vc_row]<\/p>\n","protected":false},"excerpt":{"rendered":"<p>[vc_row][vc_column][\/vc_column][\/vc_row][vc_row el_class=&#8221;content-referenzen&#8221;][vc_column width=&#8221;1\/4&#8243;][vc_column_text] 1 [\/vc_column_text][\/vc_column][vc_column width=&#8221;3\/4&#8243;][vc_column_text]Interdisziplin\u00e4r denken und arbeiten Bei Sanierungsma\u00dfnahmen m\u00fcssen sich finanzielle, betriebswirtschaftliche und organisatorische Ma\u00dfnahmen gegenseitig st\u00fctzen und erg\u00e4nzen. Dabei ist eine \u00fcber die Betriebswirtschaft hinausreichende Beurteilung der Sanierungsf\u00e4higkeit absolut notwendig. Sowohl eine organisatorische Neuorientierung als auch &hellip;<\/p>\n","protected":false},"author":6,"featured_media":0,"parent":13,"menu_order":0,"comment_status":"closed","ping_status":"closed","template":"","meta":[],"_links":{"self":[{"href":"https:\/\/www.logoconsult.at\/wp\/wp-json\/wp\/v2\/pages\/4218"}],"collection":[{"href":"https:\/\/www.logoconsult.at\/wp\/wp-json\/wp\/v2\/pages"}],"about":[{"href":"https:\/\/www.logoconsult.at\/wp\/wp-json\/wp\/v2\/types\/page"}],"author":[{"embeddable":true,"href":"https:\/\/www.logoconsult.at\/wp\/wp-json\/wp\/v2\/users\/6"}],"replies":[{"embeddable":true,"href":"https:\/\/www.logoconsult.at\/wp\/wp-json\/wp\/v2\/comments?post=4218"}],"version-history":[{"count":19,"href":"https:\/\/www.logoconsult.at\/wp\/wp-json\/wp\/v2\/pages\/4218\/revisions"}],"predecessor-version":[{"id":4450,"href":"https:\/\/www.logoconsult.at\/wp\/wp-json\/wp\/v2\/pages\/4218\/revisions\/4450"}],"up":[{"embeddable":true,"href":"https:\/\/www.logoconsult.at\/wp\/wp-json\/wp\/v2\/pages\/13"}],"wp:attachment":[{"href":"https:\/\/www.logoconsult.at\/wp\/wp-json\/wp\/v2\/media?parent=4218"}],"curies":[{"name":"wp","href":"https:\/\/api.w.org\/{rel}","templated":true}]}}