{"id":3896,"date":"2018-03-14T13:17:16","date_gmt":"2018-03-14T12:17:16","guid":{"rendered":"http:\/\/www.logoconsult.at\/wp\/?page_id=3896"},"modified":"2020-05-13T09:02:09","modified_gmt":"2020-05-13T07:02:09","slug":"home-maerz-2018-2","status":"publish","type":"page","link":"https:\/\/www.logoconsult.at\/wp\/","title":{"rendered":"Home"},"content":{"rendered":"<p>[vc_row full_width=&#8221;stretch_row&#8221; css=&#8221;.vc_custom_1520855840596{margin-top: 0px !important;margin-bottom: 0px !important;padding-top: 40px !important;padding-bottom: 0px !important;background-color: #f8f9f9 !important;}&#8221;][vc_column width=&#8221;2\/3&#8243;][vc_column_text css=&#8221;.vc_custom_1559285814669{margin-top: 70px !important;}&#8221;]<\/p>\n<h4 style=\"line-height: 1.9;\"><span style=\"color: #000099;\">WER LEISTUNG FORDERT, MUSS SINN BIETEN.<\/span><br \/>\n<span style=\"color: #000099;\">MENSCHENF\u00dcHRUNG IN DER WIRTSCHAFT 4.0<\/span><\/h4>\n<p>[\/vc_column_text][\/vc_column][\/vc_row][vc_row full_width=&#8221;stretch_row&#8221; css=&#8221;.vc_custom_1521109537371{margin-top: 0px !important;margin-bottom: 0px !important;padding-top: 0px !important;padding-bottom: 40px !important;background-color: #f8f9f9 !important;}&#8221;][vc_column width=&#8221;1\/3&#8243;][vc_column_text]<strong>BERATUNG, DIE SINN MACHT<\/strong><\/p>\n<p>Der Name unseres Unternehmens leitet sich vom griechischen Wort \u201elogos\u201d ab. Logos bedeutet Sinn.<\/p>\n<p>Dementsprechend hat unsere Beratert\u00e4tigkeit das Ziel, Menschen und Organisationen auf der Suche nach Sinn im (Arbeits)Leben zu begleiten.<\/p>\n<p>Unsere Vision ist die Rehumanisierung der Arbeitswelt. Rehumanisierung hei\u00dft:<\/p>\n<p>Arbeit ist eine Sinnquelle im Leben.<\/p>\n<p>Keine Wirtschaft 4.0 ohne Sinn.<\/p>\n<p><a href=\"https:\/\/www.yumpu.com\/de\/document\/view\/59893428\/00-beratung-die-sinn-macht-internet-version-01-03-2018-\" target=\"_blank\" rel=\"noopener noreferrer\"><i class=\"fa fa-caret-right\" aria-hidden=\"true\"><\/i> Mehr Information<\/a>[\/vc_column_text][\/vc_column][vc_column width=&#8221;1\/3&#8243;][vc_column_text]<strong>LEISTUNGSOPTIMIERUNG DURCH SINN<\/strong><\/p>\n<p>Sinn in der Arbeit ist die Grundlage f\u00fcr betriebswirtschaftlichen Erfolg und psychosoziale Gesundheit.<\/p>\n<ul>\n<li>Sinn motiviert.<\/li>\n<li>Sinn f\u00f6rdert das seelische Wohlbefinden.<\/li>\n<li>Sinn macht erfolgreich.<\/li>\n<li>Sinn gibt ein Wozu im (Arbeits)Leben.<\/li>\n<\/ul>\n<p><a href=\"https:\/\/www.yumpu.com\/de\/document\/view\/59893429\/01-leistungsoptimierung-durch-sinn-final-01-03-2018\" target=\"_blank\" rel=\"noopener noreferrer\"><i class=\"fa fa-caret-right\" aria-hidden=\"true\"><\/i> Mehr Information<\/a>[\/vc_column_text][\/vc_column][vc_column width=&#8221;1\/3&#8243;][vc_column_text]<strong>ERFOLGSFAKTOR PSYCHO-SOZIALE GESUNDHEIT<\/strong><\/p>\n<p>Arbeit kann und soll Freude machen, sich motivierend auf unser Leben auswirken und zu einem positiven Selbstbild beitragen.<\/p>\n<p>Zwar belegen europaweite Studien, dass\u00a0 Berufs- aber auch Alltagsstress immer mehr zunehmen, doch ebenso viele wissenschaftliche Untersuchungen zeigen auf, dass durch k\u00f6rperlich-sportliche Aktivit\u00e4ten Stress abgebaut werden kann. Unter einer Voraussetzung: Arbeit und k\u00f6rperlich-sportliche Aktivit\u00e4ten m\u00fcssen in Balance sein. Nur so tr\u00e4gt psychische Erholung zur Leistungsoptimierung bei.<\/p>\n<p>Durch unsere wissenschaftlichen Testverfahren k\u00f6nnen Sie \u00fcberpr\u00fcfen, wie gut Sie den Alltags- und Berufsstress abbauen k\u00f6nnen, damit Ihre psycho-soziale Gesundheit erhalten bleibt.<\/p>\n<p><a href=\"https:\/\/www.yumpu.com\/de\/document\/view\/59893430\/02-erfolgsfaktor-psycho-soziale-gesundheit-final\" target=\"_blank\" rel=\"noopener noreferrer\"><i class=\"fa fa-caret-right\" aria-hidden=\"true\"><\/i> Mehr Information<\/a>[\/vc_column_text][\/vc_column][\/vc_row][vc_row el_class=&#8221;featurednew&#8221;][vc_column el_class=&#8221;featuredbox1&#8243;][vc_column_text]<\/p>\n<h4 style=\"line-height: 1.9;\"><span style=\"color: #000099;\">UNSERE LEISTUNGSANGEBOTE IM \u00dcBERBLICK<\/span><\/h4>\n<p>[\/vc_column_text][\/vc_column][\/vc_row][vc_row el_class=&#8221;featurednew&#8221;][vc_column width=&#8221;1\/3&#8243; el_class=&#8221;featuredbox1&#8243;]<div class='featured featured-has-link featured-has-icon featured-has-content'><div class='featured-header'><img alt='<strong>Beratung<br \/>\nDienstleistung<\/strong>' src='https:\/\/www.logoconsult.at\/wp\/wp-content\/uploads\/2016\/01\/start1.jpg'\/><\/div><div class='featured-content'><h3 class='featured-title text-uppercase'><i class='fa fa-fa fa-comments'><\/i><strong>Beratung<br \/>\nDienstleistung<\/strong><\/h3><p class='featured-desc'>Wir denken interdisziplin\u00e4r.<br \/>\nWir sind interdisziplin\u00e4r.<br \/>\nWir beraten und begleiten:<\/p>\n<ul>\n<li>Systemisch orientiert.<\/li>\n<li>Sinn- und werteorientiert.<\/li>\n<\/ul>\n<p><\/p><a class='btn btn-md btn-minimal' href='\/wp\/beratung\/'>ERFAHREN SIE MEHR<\/a><\/div><\/div>[\/vc_column][vc_column width=&#8221;1\/3&#8243; el_class=&#8221;featuredbox2&#8243;]<div class='featured featured-has-link featured-has-icon featured-has-content'><div class='featured-header'><img alt='<b>Referenzen<\/b>' src='https:\/\/www.logoconsult.at\/wp\/wp-content\/uploads\/2018\/03\/start_referenz.jpg'\/><\/div><div class='featured-content'><h3 class='featured-title text-uppercase'><i class='fa fa-fa fa-newspaper-o'><\/i><b>Referenzen<\/b><\/h3><p class='featured-desc'>Unsere Beratungen unterliegen der gesetzlichen Verschwiegenheitspflicht. Wir bitten um Verst\u00e4ndnis, dass wir keine Referenzen anf\u00fchren, es sei denn, wir werden von Auftraggebern schriftlich erm\u00e4chtigt, wie es bei den angef\u00fchrten Best-Practice-Beispielen der Fall war.<\/p><a class='btn btn-md btn-minimal' href='\/wp\/referenzen\/'>ERFAHREN SIE MEHR<\/a><\/div><\/div>[\/vc_column][vc_column width=&#8221;1\/3&#8243; el_class=&#8221;featuredbox3&#8243;]<div class='featured featured-has-link featured-has-icon featured-has-content'><div class='featured-header'><img alt='<u>SANIERUNGSMANAGEMENT:<br \/>\nDer erste Schritt aus der Krise zum Erfolg<\/u>' src='https:\/\/www.logoconsult.at\/wp\/wp-content\/uploads\/2019\/04\/SANIERUNGSMANAGEMENT.jpg'\/><\/div><div class='featured-content'><h3 class='featured-title text-uppercase'><i class='fa fa-fa fa-cog'><\/i><u>SANIERUNGSMANAGEMENT:<br \/>\nDer erste Schritt aus der Krise zum Erfolg<\/u><\/h3><p class='featured-desc'>Krisen haben viele Ursachen. Manchmal f\u00fchren Wirtschaftskrisen oder branchenspezifische Entwicklungen zu einem Umsatzeinbruch. Die KMU-Forschung belegt aber, dass in den allermeisten F\u00e4llen die Ursachen im Unternehmen selbst liegen k\u00f6nnen.<\/p><a class='btn btn-md btn-minimal' href='\/wp\/beratung\/sanierungsmanagement\/'>ERFAHREN SIE MEHR<\/a><\/div><\/div>[\/vc_column][\/vc_row][vc_row][vc_column][vc_empty_space height=&#8221;40px&#8221;][\/vc_column][\/vc_row][vc_row el_class=&#8221;featurednew&#8221;][vc_column width=&#8221;1\/3&#8243; el_class=&#8221;featuredbox4&#8243;]<div class='featured featured-has-link featured-has-icon featured-has-content'><div class='featured-header'><img alt='<u>Testverfahren: Arbeit und psychische Regeneration<\/u>' src='https:\/\/www.logoconsult.at\/wp\/wp-content\/uploads\/2018\/03\/start_test.jpg'\/><\/div><div class='featured-content'><h3 class='featured-title text-uppercase'><i class='fa fa-fa fa-cog'><\/i><u>Testverfahren: Arbeit und psychische Regeneration<\/u><\/h3><p class='featured-desc'>Die Testverfahren sind wissenschaftlich.<br \/>\nSie bekommen Antwort darauf, inwieweit Ihre Motivation durch Sinnfindung am Arbeitsplatz oder bei sportlichen Aktivit\u00e4ten erweitert oder eingeschr\u00e4nkt wird und wie gut Sie sich psychisch regenerieren kann.<\/p><a class='btn btn-md btn-minimal' href='\/wp\/testverfahren\/'>ERFAHREN SIE MEHR<\/a><\/div><\/div>[\/vc_column][vc_column width=&#8221;1\/3&#8243; el_class=&#8221;featuredbox5&#8243;]<div class='featured featured-has-link featured-has-icon featured-has-content'><div class='featured-header'><img alt='GEF\u00c4HRDUNGSBEURTEILUNG PSYCHISCHER BELASTUNG' src='https:\/\/www.logoconsult.at\/wp\/wp-content\/uploads\/2018\/03\/start_gefahr-1.jpg'\/><\/div><div class='featured-content'><h3 class='featured-title text-uppercase'><i class='fa fa-fa fa-pencil'><\/i>GEF\u00c4HRDUNGSBEURTEILUNG PSYCHISCHER BELASTUNG<\/h3><p class='featured-desc'>Wir f\u00fchren die Evaluierung lt. dem ASchG und den Vorgaben des Arbeitsinspektorats durch, dokumentieren diese im EvalPsy-Fachleistungsnachweis und geben Ihnen eine Qualit\u00e4tserkl\u00e4rung zum Testverfahren der Gef\u00e4hrdungsbeurteilung ab.<\/p><a class='btn btn-md btn-minimal' href='\/wp\/beratung\/evaluierung-psychischer-belastung-am-arbeitsplatz-lt-arbeitnehmerinnen-schutzgesetz\/'>ERFAHREN SIE MEHR<\/a><\/div><\/div>[\/vc_column][vc_column width=&#8221;1\/3&#8243; el_class=&#8221;featuredbox6&#8243;]<div class='featured featured-has-link featured-has-icon featured-has-content'><div class='featured-header'><img alt='SINN- UND RESILIENZORIENTIERTE STRESS- UND BURNOUTPR\u00c4VENTION' src='https:\/\/www.logoconsult.at\/wp\/wp-content\/uploads\/2018\/03\/start_sinn.jpg'\/><\/div><div class='featured-content'><h3 class='featured-title text-uppercase'><i class='fa fa-fa fa-pencil'><\/i>SINN- UND RESILIENZORIENTIERTE STRESS- UND BURNOUTPR\u00c4VENTION<\/h3><p class='featured-desc'>Damit eine sinn- und resilienzorientierte Stress- und Burnoutpr\u00e4vention \u00fcberhaupt durchgef\u00fchrt werden kann, m\u00fcssen durch valide Testverfahren Daten erhoben werden, damit die richtigen Entscheidungen getroffen werden k\u00f6nnen.<\/p><a class='btn btn-md btn-minimal' href='\/wp\/beratung\/sinn-und-resilienzorientierte-stress-und-burnoutpraevention\/'>ERFAHREN SIE MEHR<\/a><\/div><\/div>[\/vc_column][\/vc_row][vc_row][vc_column][vc_empty_space height=&#8221;40px&#8221;][\/vc_column][\/vc_row][vc_row el_class=&#8221;featurednew&#8221;][vc_column width=&#8221;1\/3&#8243; el_class=&#8221;featuredbox7&#8243;]<div class='featured featured-has-link featured-has-icon featured-has-content'><div class='featured-header'><img alt='DIGITALE TRANSFORMATION<br \/>\nDER ARBEITSWELT' src='https:\/\/www.logoconsult.at\/wp\/wp-content\/uploads\/2020\/05\/start_digitaletransformation2.jpg'\/><\/div><div class='featured-content'><h3 class='featured-title text-uppercase'><i class='fa fa-fa fa-pencil'><\/i>DIGITALE TRANSFORMATION<br \/>\nDER ARBEITSWELT<\/h3><p class='featured-desc'>Digitalisierung erfordert Fachkompetenz und eine reflektierte Selbstkompetenz, damit digitaler Stress vermieden werden kann. Mit der Digital Readiness Analysis MOA-DSRI 1.0 analysieren wir Belastungsquellen und zeigen f\u00fcr die Organisations- und Personalentwicklung Ressourcen auf.<\/p><a class='btn btn-md btn-minimal' href='\/wp\/beratung\/digitale-transformation\/'>ERFAHREN SIE MEHR<\/a><\/div><\/div>[\/vc_column][vc_column width=&#8221;1\/3&#8243; el_class=&#8221;featuredbox8&#8243;]<div class='featured featured-has-link featured-has-icon featured-has-content'><div class='featured-header'><img alt='SEMINARE | VORTR\u00c4GE' src='https:\/\/www.logoconsult.at\/wp\/wp-content\/uploads\/2018\/03\/start_seminareneu.jpg'\/><\/div><div class='featured-content'><h3 class='featured-title text-uppercase'><i class='fa fa-fa fa-pencil'><\/i>SEMINARE | VORTR\u00c4GE<\/h3><p class='featured-desc'>Firmenspezifisches Anforderungsprofil wird erarbeitet.<br \/>\nDie Teilnehmer(innen) erhalten vor Veranstaltungsbeginn praxis- und teilnehmerbezogene Vorbereitungsunterlagen.<br \/>\nThemenspezifische, schriftliche Evaluierung.<\/p><a class='btn btn-md btn-minimal' href='\/wp\/termine\/seminare-vortraege-persoenlichkeits-coaching\/'>ERFAHREN SIE MEHR<\/a><\/div><\/div>[\/vc_column][vc_column width=&#8221;1\/3&#8243; el_class=&#8221;featuredbox9&#8243;]<div class='featured featured-has-link featured-has-icon featured-has-content'><div class='featured-header'><img alt='<b>KOSTENLOSER<br \/>\nDOWNLOAD<\/b>' src='https:\/\/www.logoconsult.at\/wp\/wp-content\/uploads\/2020\/05\/download-1.jpg'\/><\/div><div class='featured-content'><h3 class='featured-title text-uppercase'><i class='fa fa-fa fa-newspaper-o'><\/i><b>KOSTENLOSER<br \/>\nDOWNLOAD<\/b><\/h3><p class='featured-desc'>Gerne stellen wir Ihnen gratis Informationen und Fachartikel zur Verf\u00fcgung.<br \/>\nWir bitten um das Einhalten der Fair-Play-Regel und gehen davon aus, dass Sie im Falle einer Ver\u00f6ffentlichung die Datenquelle nennen!<\/p><a class='btn btn-md btn-minimal' href='\/wp\/download\/'>ERFAHREN SIE MEHR<\/a><\/div><\/div>[\/vc_column][\/vc_row][vc_row][vc_column][vc_empty_space height=&#8221;40px&#8221;][\/vc_column][\/vc_row][vc_row el_class=&#8221;featurednew&#8221;][vc_column width=&#8221;1\/3&#8243; el_class=&#8221;featuredbox10&#8243;]<div class='featured featured-has-link featured-has-icon featured-has-content'><div class='featured-header'><img alt='<strong>PSYCHOTHERAPEUTISCHE UND PSYCHOLOGISCHE PRAXIS - HELMUT GRAF<\/strong>' src='https:\/\/www.logoconsult.at\/wp\/wp-content\/uploads\/2016\/01\/start4.jpg'\/><\/div><div class='featured-content'><h3 class='featured-title text-uppercase'><i class='fa fa-fa fa-info-circle'><\/i><strong>PSYCHOTHERAPEUTISCHE UND PSYCHOLOGISCHE PRAXIS - HELMUT GRAF<\/strong><\/h3><p class='featured-desc'>Arbeitspsychologisches Pers\u00f6nlichkeitscoaching von F\u00fchrungspersonen in Sinnkrisen und Stress- und Burnout-Pr\u00e4vention.<br \/>\nSachbuchautor und Entwickler von wissenschaftlichen Testverfahren.<\/p><a class='btn btn-md btn-minimal' href='\/wp\/psychotherapeutische-praxis-helmut-graf\/'>ERFAHREN SIE MEHR<\/a><\/div><\/div>[\/vc_column][vc_column width=&#8221;1\/3&#8243; el_class=&#8221;featuredbox11&#8243;]<div class='featured featured-has-link featured-has-icon featured-has-content'><div class='featured-header'><img alt='<b>Presse-Artikel:<br \/>\nHelmut Graf<\/b>' src='https:\/\/www.logoconsult.at\/wp\/wp-content\/uploads\/2020\/05\/home_presse.jpg'\/><\/div><div class='featured-content'><h3 class='featured-title text-uppercase'><i class='fa fa-fa fa-newspaper-o'><\/i><b>Presse-Artikel:<br \/>\nHelmut Graf<\/b><\/h3><p class='featured-desc'>Interviews und Artikel zum Themenbereich<br \/>\nSinn in der Arbeit<\/p><a class='btn btn-md btn-minimal' href='\/wp\/presseartikel\/'>ERFAHREN SIE MEHR<\/a><\/div><\/div>[\/vc_column][vc_column width=&#8221;1\/3&#8243; el_class=&#8221;featuredbox12&#8243;]<div class='featured featured-has-link featured-has-icon featured-has-content'><div class='featured-header'><img alt='<b>Logotherapie und Existenzanalyse - Viktor E. Frankl<\/b>' src='https:\/\/www.logoconsult.at\/wp\/wp-content\/uploads\/2016\/01\/start5.jpg'\/><\/div><div class='featured-content'><h3 class='featured-title text-uppercase'><i class='fa fa-fa fa-newspaper-o'><\/i><b>Logotherapie und Existenzanalyse - Viktor E. Frankl<\/b><\/h3><p class='featured-desc'>Logotherapie und Existenzanalyse: Die Sinnfrage steht im Mittelpunkt.<br \/>\nViktor Frankl: Originalstatements zum Thema Sinnfindung am Arbeitsplatz.<\/p><a class='btn btn-md btn-minimal' href='\/wp\/viktor-e-frankl-logotherapie-und-existenzanalyse\/'>ERFAHREN SIE MEHR<\/a><\/div><\/div>[\/vc_column][\/vc_row]<\/p>\n","protected":false},"excerpt":{"rendered":"<p>[vc_row full_width=&#8221;stretch_row&#8221; css=&#8221;.vc_custom_1520855840596{margin-top: 0px !important;margin-bottom: 0px !important;padding-top: 40px !important;padding-bottom: 0px !important;background-color: #f8f9f9 !important;}&#8221;][vc_column width=&#8221;2\/3&#8243;][vc_column_text css=&#8221;.vc_custom_1559285814669{margin-top: 70px !important;}&#8221;] WER LEISTUNG FORDERT, MUSS SINN BIETEN. MENSCHENF\u00dcHRUNG IN DER WIRTSCHAFT 4.0 [\/vc_column_text][\/vc_column][\/vc_row][vc_row full_width=&#8221;stretch_row&#8221; css=&#8221;.vc_custom_1521109537371{margin-top: 0px !important;margin-bottom: 0px !important;padding-top: 0px !important;padding-bottom: 40px !important;background-color: #f8f9f9 &hellip;<\/p>\n","protected":false},"author":6,"featured_media":0,"parent":0,"menu_order":0,"comment_status":"closed","ping_status":"closed","template":"","meta":[],"_links":{"self":[{"href":"https:\/\/www.logoconsult.at\/wp\/wp-json\/wp\/v2\/pages\/3896"}],"collection":[{"href":"https:\/\/www.logoconsult.at\/wp\/wp-json\/wp\/v2\/pages"}],"about":[{"href":"https:\/\/www.logoconsult.at\/wp\/wp-json\/wp\/v2\/types\/page"}],"author":[{"embeddable":true,"href":"https:\/\/www.logoconsult.at\/wp\/wp-json\/wp\/v2\/users\/6"}],"replies":[{"embeddable":true,"href":"https:\/\/www.logoconsult.at\/wp\/wp-json\/wp\/v2\/comments?post=3896"}],"version-history":[{"count":76,"href":"https:\/\/www.logoconsult.at\/wp\/wp-json\/wp\/v2\/pages\/3896\/revisions"}],"predecessor-version":[{"id":4587,"href":"https:\/\/www.logoconsult.at\/wp\/wp-json\/wp\/v2\/pages\/3896\/revisions\/4587"}],"wp:attachment":[{"href":"https:\/\/www.logoconsult.at\/wp\/wp-json\/wp\/v2\/media?parent=3896"}],"curies":[{"name":"wp","href":"https:\/\/api.w.org\/{rel}","templated":true}]}}