{"id":3833,"date":"2018-03-12T14:28:20","date_gmt":"2018-03-12T13:28:20","guid":{"rendered":"http:\/\/www.logoconsult.at\/wp\/?page_id=3833"},"modified":"2020-01-29T16:48:14","modified_gmt":"2020-01-29T15:48:14","slug":"betriebsuebergabe","status":"publish","type":"page","link":"https:\/\/www.logoconsult.at\/wp\/beratung\/betriebsuebergabe\/","title":{"rendered":"Betriebs\u00fcbergabe"},"content":{"rendered":"<p>[vc_row][vc_column][vc_column_text]Betriebs\u00fcbergeber(innen) stehen vor einer der gr\u00f6\u00dften Herausforderungen im Business Leben: Sich pers\u00f6nlich und operativ von ihrem Unternehmen zu trennen \u2013 entweder Schritt f\u00fcr Schritt, oder zu einem angenommenen Zeitpunkt. Das bedeutet: Nicht nur \u00e4u\u00dferlich, sondern vor allem innerlich muss dieser Prozess erfolgreich umgesetzt werden.<\/p>\n<p>Oft bleiben die \u00dcbergeber(innen) die \u201egraue\u201c Eminenz im Hintergrund, w\u00e4hrend sich die \u00dcbernehmer(innen) nicht gen\u00fcgend entfalten k\u00f6nnen. Darunter leiden Kunden-, Lieferanten- und Mitarbeiter-Beziehungen \u2013 und damit die erfolgreiche Fortf\u00fchrung vom Unternehmen.<\/p>\n<p>In Kooperation mit der DATEX Steuerberatungsgesellschaft entwickeln wir f\u00fcr \u00dcbergeber und \u00dcbernehmer Hand in Hand ein ma\u00dfgeschneidertes Paket der optimalen Betriebs\u00fcbergabe:<\/p>\n<p>Wir checken die pers\u00f6nlichen, wirtschaftlichen, rechtlichen und steuerlichen Rahmenbedingungen f\u00fcr gelungene L\u00f6sungen, die nachhaltig Erfolg haben. Mit den Akteur(inn)en setzen wir aufs pers\u00f6nliche Gespr\u00e4ch und nutzen die modernsten Analyse- und Planungstools f\u00fcr strukturierte L\u00f6sungsans\u00e4tze.<\/p>\n<p>Gemeinsam mehr Erfolg!<\/p>\n<p>DATEX &amp; logo consult \u2013 Ein Beraterteam[\/vc_column_text][\/vc_column][\/vc_row][vc_row][vc_column width=&#8221;1\/4&#8243;][vc_column_text]<a id='button-id-' target='_blank' href='https:\/\/www.datex.at\/index.php\/wirtschaft-steuerberater-villach-kaernten' class='btn btn-normal btn-md' style=''>DATEX<\/a>[\/vc_column_text][\/vc_column][vc_column width=&#8221;1\/4&#8243;][vc_column_text]<a id='button-id-1' target='_blank' href='https:\/\/www.yumpu.com\/de\/document\/view\/59893535\/betriebsubernahme' class='btn btn-normal btn-md' style=''>Informations<br \/>\nfolder<\/a>[\/vc_column_text][\/vc_column][vc_column width=&#8221;1\/4&#8243;][vc_column_text]<a id='button-id-2' target='_self' href='\/wp\/feedback\/' class='btn btn-normal btn-md' style=''>NEHMEN SIE MT UNS<br \/>\nKONTAKT AUF:<br \/>\nWIR M\u00d6CHTEN MEHR \u00dcBER DIE<br \/>\nF\u00d6RDERUNG<br \/>\n\u201eBETRIEBS\u00dcBERNAHME\u201c<br \/>\nDER WK K\u00c4RNTEN ERFAHREN<\/a>[\/vc_column_text][\/vc_column][vc_column width=&#8221;1\/4&#8243;][\/vc_column][\/vc_row]<\/p>\n","protected":false},"excerpt":{"rendered":"<p>[vc_row][vc_column][vc_column_text]Betriebs\u00fcbergeber(innen) stehen vor einer der gr\u00f6\u00dften Herausforderungen im Business Leben: Sich pers\u00f6nlich und operativ von ihrem Unternehmen zu trennen \u2013 entweder Schritt f\u00fcr Schritt, oder zu einem angenommenen Zeitpunkt. Das bedeutet: Nicht nur \u00e4u\u00dferlich, sondern vor allem innerlich muss dieser &hellip;<\/p>\n","protected":false},"author":6,"featured_media":0,"parent":13,"menu_order":0,"comment_status":"closed","ping_status":"closed","template":"","meta":[],"_links":{"self":[{"href":"https:\/\/www.logoconsult.at\/wp\/wp-json\/wp\/v2\/pages\/3833"}],"collection":[{"href":"https:\/\/www.logoconsult.at\/wp\/wp-json\/wp\/v2\/pages"}],"about":[{"href":"https:\/\/www.logoconsult.at\/wp\/wp-json\/wp\/v2\/types\/page"}],"author":[{"embeddable":true,"href":"https:\/\/www.logoconsult.at\/wp\/wp-json\/wp\/v2\/users\/6"}],"replies":[{"embeddable":true,"href":"https:\/\/www.logoconsult.at\/wp\/wp-json\/wp\/v2\/comments?post=3833"}],"version-history":[{"count":10,"href":"https:\/\/www.logoconsult.at\/wp\/wp-json\/wp\/v2\/pages\/3833\/revisions"}],"predecessor-version":[{"id":4371,"href":"https:\/\/www.logoconsult.at\/wp\/wp-json\/wp\/v2\/pages\/3833\/revisions\/4371"}],"up":[{"embeddable":true,"href":"https:\/\/www.logoconsult.at\/wp\/wp-json\/wp\/v2\/pages\/13"}],"wp:attachment":[{"href":"https:\/\/www.logoconsult.at\/wp\/wp-json\/wp\/v2\/media?parent=3833"}],"curies":[{"name":"wp","href":"https:\/\/api.w.org\/{rel}","templated":true}]}}