{"id":3702,"date":"2017-05-05T13:54:56","date_gmt":"2017-05-05T11:54:56","guid":{"rendered":"http:\/\/www.logoconsult.at\/wp\/?page_id=3702"},"modified":"2021-10-19T19:29:49","modified_gmt":"2021-10-19T17:29:49","slug":"testverfahren-webinare","status":"publish","type":"page","link":"https:\/\/www.logoconsult.at\/wp\/termine\/testverfahren-webinare\/","title":{"rendered":"TESTVERFAHREN"},"content":{"rendered":"<p>[vc_row][vc_column]<h1 class='heading-left  divider-sm' ><span>TESTVERFAHREN<\/span><\/h1>[vc_column_text]Wie sinnvoll erlebe ich meine Arbeit? Wie wirken sich meine Belastungen auf die psychische Gesundheit aus? Kenne ich meinen Stress Marke \u201eEigenbau\u201c?<br \/>\n&#8230;und vor allem: Was h\u00e4lt mich gesund?<br \/>\nMit Hilfe des wissenschaftlichen Testverfahrens Meaningful Occupation Assessment (MOA) besteht die M\u00f6glichkeit, versteckte Entwicklungspotenziale aber auch Quellen der seelischen Beanspruchung objektiv sichtbar zu machen. Dadurch kann eigenverantwortlich beigetragen werden, dass Vorhaben erfolgreicher umgesetzt und zwischenmenschlichen Beziehungen am Arbeitsplatz vertieft werden k\u00f6nnen.<\/p>\n<p>Ihr Nutzen:<\/p>\n<ul>\n<li>Sie erkennen, wie stark Ihr Sinn im (Arbeits-)Leben ausgepr\u00e4gt ist.<\/li>\n<li>Sie erhalten Klarheit \u00fcber Ihre aktuelle Stressbelastung und k\u00f6nnen Ihren stressf\u00f6rdernden Denk-, F\u00fchl- und Verhaltensmuster auf den Grund gehen.<\/li>\n<li>Sie identifizieren Ihre nicht aktivierten Ressourcen und Entwicklungspotenziale.<\/li>\n<li>Aufgrund der Ergebnisse wissen Sie, welche Themen Sie angehen sollten und wo Ver\u00e4nderung sinnvoll ist.nen konkreten Problem.<\/li>\n<\/ul>\n<p>[\/vc_column_text][\/vc_column][\/vc_row][vc_row][vc_column width=&#8221;1\/3&#8243;][\/vc_column][vc_column width=&#8221;1\/3&#8243;][\/vc_column][\/vc_row]<\/p>\n","protected":false},"excerpt":{"rendered":"<p>[vc_row][vc_column][vc_column_text]Wie sinnvoll erlebe ich meine Arbeit? Wie wirken sich meine Belastungen auf die psychische Gesundheit aus? Kenne ich meinen Stress Marke \u201eEigenbau\u201c? &#8230;und vor allem: Was h\u00e4lt mich gesund? Mit Hilfe des wissenschaftlichen Testverfahrens Meaningful Occupation Assessment (MOA) besteht die &hellip;<\/p>\n","protected":false},"author":4,"featured_media":0,"parent":17,"menu_order":0,"comment_status":"closed","ping_status":"closed","template":"","meta":[],"_links":{"self":[{"href":"https:\/\/www.logoconsult.at\/wp\/wp-json\/wp\/v2\/pages\/3702"}],"collection":[{"href":"https:\/\/www.logoconsult.at\/wp\/wp-json\/wp\/v2\/pages"}],"about":[{"href":"https:\/\/www.logoconsult.at\/wp\/wp-json\/wp\/v2\/types\/page"}],"author":[{"embeddable":true,"href":"https:\/\/www.logoconsult.at\/wp\/wp-json\/wp\/v2\/users\/4"}],"replies":[{"embeddable":true,"href":"https:\/\/www.logoconsult.at\/wp\/wp-json\/wp\/v2\/comments?post=3702"}],"version-history":[{"count":6,"href":"https:\/\/www.logoconsult.at\/wp\/wp-json\/wp\/v2\/pages\/3702\/revisions"}],"predecessor-version":[{"id":4655,"href":"https:\/\/www.logoconsult.at\/wp\/wp-json\/wp\/v2\/pages\/3702\/revisions\/4655"}],"up":[{"embeddable":true,"href":"https:\/\/www.logoconsult.at\/wp\/wp-json\/wp\/v2\/pages\/17"}],"wp:attachment":[{"href":"https:\/\/www.logoconsult.at\/wp\/wp-json\/wp\/v2\/media?parent=3702"}],"curies":[{"name":"wp","href":"https:\/\/api.w.org\/{rel}","templated":true}]}}