{"id":3226,"date":"2016-08-10T15:38:53","date_gmt":"2016-08-10T13:38:53","guid":{"rendered":"http:\/\/www.logoconsult.at\/wp\/?page_id=3226"},"modified":"2020-01-29T16:57:31","modified_gmt":"2020-01-29T15:57:31","slug":"persoenlichkeits-coaching-motivations-und-sinnkrisen-in-der-arbeitswelt","status":"publish","type":"page","link":"https:\/\/www.logoconsult.at\/wp\/beratung\/persoenlichkeits-coaching-motivations-und-sinnkrisen-in-der-arbeitswelt\/","title":{"rendered":"Pers\u00f6nlichkeits-Coaching: Motivations- und Sinnkrisen in der Arbeitswelt"},"content":{"rendered":"<h1><strong>Nur wer sich selbst f\u00fchrt kann, kann andere f\u00fchren. <\/strong><\/h1>\n<p><strong>Oder:<\/strong><\/p>\n<h1><strong>Wann kann es hilfreich sein, Pers\u00f6nlichkeits-Coaching in Anspruch zu nehmen?<\/strong><\/h1>\n<p>Wenn Sie das Gef\u00fchl haben, dass Sie die kognitiven und emotionalen Anforderungen in der Arbeitswelt effizienter gestalten m\u00f6chten.<br \/>\nWenn Sie (Ihr Team) Ihr psychosoziales Miteinander \u00fcberdenken m\u00f6chten, um mehr an sozialer Kompetenz zu gewinnen.<br \/>\nWenn Sie (Ihr Team) Ihren Sinnhorizont erweitern m\u00f6chten<br \/>\n.<\/p>\n<p>..oder:<br \/>\nEinfach dann, wenn Sie mehr aus Ihrem Leben machen wollen und nicht so recht wissen, wie Sie es anstellen sollen<\/p>\n<p><a href=\"http:\/\/www.logoconsult.at\/wp\/testverfahren\/business-line\/\">ERFAHREN SIE MEHR<\/a><\/p>\n","protected":false},"excerpt":{"rendered":"<p>Nur wer sich selbst f\u00fchrt kann, kann andere f\u00fchren. Oder: Wann kann es hilfreich sein, Pers\u00f6nlichkeits-Coaching in Anspruch zu nehmen? Wenn Sie das Gef\u00fchl haben, dass Sie die kognitiven und emotionalen Anforderungen in der Arbeitswelt effizienter gestalten m\u00f6chten. Wenn Sie &hellip;<\/p>\n","protected":false},"author":4,"featured_media":0,"parent":13,"menu_order":0,"comment_status":"closed","ping_status":"closed","template":"","meta":[],"_links":{"self":[{"href":"https:\/\/www.logoconsult.at\/wp\/wp-json\/wp\/v2\/pages\/3226"}],"collection":[{"href":"https:\/\/www.logoconsult.at\/wp\/wp-json\/wp\/v2\/pages"}],"about":[{"href":"https:\/\/www.logoconsult.at\/wp\/wp-json\/wp\/v2\/types\/page"}],"author":[{"embeddable":true,"href":"https:\/\/www.logoconsult.at\/wp\/wp-json\/wp\/v2\/users\/4"}],"replies":[{"embeddable":true,"href":"https:\/\/www.logoconsult.at\/wp\/wp-json\/wp\/v2\/comments?post=3226"}],"version-history":[{"count":5,"href":"https:\/\/www.logoconsult.at\/wp\/wp-json\/wp\/v2\/pages\/3226\/revisions"}],"predecessor-version":[{"id":4448,"href":"https:\/\/www.logoconsult.at\/wp\/wp-json\/wp\/v2\/pages\/3226\/revisions\/4448"}],"up":[{"embeddable":true,"href":"https:\/\/www.logoconsult.at\/wp\/wp-json\/wp\/v2\/pages\/13"}],"wp:attachment":[{"href":"https:\/\/www.logoconsult.at\/wp\/wp-json\/wp\/v2\/media?parent=3226"}],"curies":[{"name":"wp","href":"https:\/\/api.w.org\/{rel}","templated":true}]}}