{"id":3072,"date":"2016-07-29T14:06:25","date_gmt":"2016-07-29T12:06:25","guid":{"rendered":"http:\/\/www.logoconsult.at\/wp\/?page_id=3072"},"modified":"2020-01-29T16:49:20","modified_gmt":"2020-01-29T15:49:20","slug":"bfg-studie-2003","status":"publish","type":"page","link":"https:\/\/www.logoconsult.at\/wp\/beratung\/betriebliches-gesundheitsmanagement\/bfg-studie-2003\/","title":{"rendered":"BFG Studie 2003"},"content":{"rendered":"<h2>BGF-Studie 2003<\/h2>\n<table border=\"0\" width=\"100%\" cellspacing=\"0\" cellpadding=\"0\">\n<tbody>\n<tr align=\"left\" valign=\"top\">\n<td align=\"left\" valign=\"middle\" height=\"0\"><\/td>\n<td align=\"left\" valign=\"middle\"><strong>Deckblatt, Einleitung und Inhaltsverzeichnis<\/strong><\/td>\n<td align=\"left\" valign=\"middle\"><a href=\"http:\/\/www.logoconsult.at\/wp\/wp-content\/uploads\/2016\/07\/00-Deckblatt-Einleitung-Inhaltsverz.pdf\">download<\/a><\/td>\n<td align=\"right\" valign=\"middle\" height=\"0\"><\/td>\n<\/tr>\n<tr align=\"left\" valign=\"top\">\n<td align=\"left\" valign=\"middle\" width=\"7%\" height=\"0\"><strong>1<\/strong><\/td>\n<td align=\"left\" valign=\"middle\" width=\"76%\" height=\"0\"><strong>Zusammenfassung<\/strong><\/td>\n<td align=\"left\" valign=\"middle\" width=\"10%\"><a href=\"http:\/\/www.logoconsult.at\/wp\/wp-content\/uploads\/2016\/07\/01-Zusammenf.-Ausgangssituation.pdf\">download<\/a><\/td>\n<td align=\"right\" valign=\"middle\" width=\"7%\" height=\"0\"><strong>1<\/strong><\/td>\n<\/tr>\n<tr align=\"left\" valign=\"top\">\n<td align=\"left\" valign=\"middle\" height=\"0\"><strong>2<\/strong><\/td>\n<td align=\"left\" valign=\"middle\" height=\"0\"><strong>Ausgangssituation<\/strong><\/td>\n<td align=\"left\" valign=\"middle\"><\/td>\n<td align=\"right\" valign=\"middle\" height=\"0\"><strong>3<\/strong><\/td>\n<\/tr>\n<tr align=\"left\" valign=\"top\">\n<td align=\"left\" valign=\"middle\" height=\"0\"><strong>3<\/strong><\/td>\n<td align=\"left\" valign=\"middle\" height=\"0\"><strong>Einleitung<\/strong><\/td>\n<td align=\"left\" valign=\"middle\"><a href=\"http:\/\/www.logoconsult.at\/wp\/wp-content\/uploads\/2016\/07\/02-Einleitung.pdf\">download<\/a><\/td>\n<td align=\"right\" valign=\"middle\" height=\"0\"><strong>4<\/strong><\/td>\n<\/tr>\n<tr align=\"left\" valign=\"top\">\n<td align=\"left\" valign=\"top\" height=\"0\">3.1<br \/>\n            3.23.3<br \/>\n            3.4<br \/>\n            3.5<\/td>\n<td align=\"left\" valign=\"top\" height=\"0\">Analyse der Problemstellung<br \/>\n            Selektiver Kurz\u00fcberblick \u00fcber den aktuellen regionalen, nationalen und internationalen Stand der Forschung hinsichtlich des gegenst\u00e4ndlichen Themas<br \/>\n            Begr\u00fcndung der Notwendigkeit der Studie<br \/>\n            Fokussierter Mehrwert der Studie im Hinblick auf die angewandte Gesundheitsf\u00f6rderung und \u2013vorsorge Arbeitshypothesen<br \/>\n            Arbeitshypothesen<\/td>\n<td align=\"left\" valign=\"top\"><\/td>\n<td align=\"right\" valign=\"top\" height=\"0\">\n<p align=\"right\">5<br \/>\n                7<\/p>\n<p>            7<\/p>\n<p>            8<\/td>\n<\/tr>\n<tr align=\"left\" valign=\"top\">\n<td align=\"left\" valign=\"middle\" height=\"0\"><strong>4<\/strong><\/td>\n<td align=\"left\" valign=\"middle\" height=\"0\"><strong>Methode \u2013 wissenschaftlicher Hintergrund<\/strong><\/td>\n<td align=\"left\" valign=\"middle\"><a href=\"http:\/\/www.logoconsult.at\/wp\/wp-content\/uploads\/2016\/07\/03-Pkt.-4-4.2.3.pdf\">download<\/a><\/td>\n<td align=\"right\" valign=\"middle\" height=\"0\"><strong>10<\/strong><\/td>\n<\/tr>\n<tr align=\"left\" valign=\"top\">\n<td align=\"left\" valign=\"top\" height=\"0\">4.1<br \/>\n            4.2<br \/>\n            4.2.1<br \/>\n            4.2.2<br \/>\n            4.2.3<\/td>\n<td align=\"left\" valign=\"top\" height=\"0\">Motivationstheoretischer Grundsatz (Axiomatik) der Studie: Logotherapie und Existenzanalyse Versuchsplan<br \/>\n            Stichprobe<br \/>\n            Versuchsplan<br \/>\n            Befragungsmaterial<br \/>\n            Ergebnis: Pretest<\/td>\n<td align=\"left\" valign=\"top\"><\/td>\n<td align=\"right\" valign=\"top\" height=\"0\">10<\/p>\n<p>            19<br \/>\n            19<br \/>\n            22<br \/>\n            23<\/td>\n<\/tr>\n<tr align=\"left\" valign=\"top\">\n<td align=\"left\" valign=\"middle\" height=\"0\"><strong>5<\/strong><\/td>\n<td align=\"left\" valign=\"middle\" height=\"0\"><strong>Untersuchungsergebnisse<\/strong><\/td>\n<td align=\"left\" valign=\"bottom\" height=\"0\"><a href=\"http:\/\/www.logoconsult.at\/wp\/wp-content\/uploads\/2016\/07\/04a_bgf_studie03_25bis79.pdf\">download<\/a><\/td>\n<td align=\"right\" valign=\"middle\" height=\"0\"><strong>25<\/strong><\/td>\n<\/tr>\n<tr align=\"left\" valign=\"top\">\n<td align=\"left\" height=\"0\">5.1<\/td>\n<td align=\"left\" height=\"0\">Aktivit\u00e4ten, Motive und Einstellung der betrieblichen Gesundheitsf\u00f6rderung in unterschiedlichen Branchen<\/td>\n<td align=\"left\" height=\"0\"><\/td>\n<td align=\"right\" height=\"0\">27<\/td>\n<\/tr>\n<tr align=\"left\" valign=\"top\">\n<td align=\"left\" height=\"0\">5.1.1<\/td>\n<td align=\"left\" height=\"0\">Gegenw\u00e4rtige Aktivit\u00e4ten der befragten Unternehmen<\/td>\n<td align=\"left\" height=\"0\"><\/td>\n<td align=\"right\" height=\"0\">30<\/td>\n<\/tr>\n<tr align=\"left\" valign=\"top\">\n<td align=\"left\" height=\"0\">5.1.1.1<\/td>\n<td align=\"left\" height=\"0\">Sekund\u00e4re BGF-Aktivit\u00e4ten (Fokussierung der Rahmenbedingungen)<\/td>\n<td align=\"left\" height=\"0\"><\/td>\n<td align=\"right\" height=\"0\">31<\/td>\n<\/tr>\n<tr align=\"left\" valign=\"top\">\n<td align=\"left\" height=\"0\">5.1.1.2<\/td>\n<td align=\"left\" height=\"0\">Prim\u00e4re BGF-Aktivit\u00e4ten (Fokussierung der intrasozialen, intrapsychischen Dimension)<\/td>\n<td align=\"left\" height=\"0\"><\/td>\n<td align=\"right\" height=\"0\">32<\/td>\n<\/tr>\n<tr align=\"left\" valign=\"top\">\n<td align=\"left\" height=\"0\">5.1.1.3<\/td>\n<td align=\"left\" height=\"0\">Einstellungen zur BGF und gew\u00fcnschte BGF-Aktivit\u00e4ten<\/td>\n<td align=\"left\" height=\"0\"><\/td>\n<td align=\"right\" height=\"0\">34<\/td>\n<\/tr>\n<tr align=\"left\" valign=\"top\">\n<td align=\"left\" height=\"0\">5.2<\/td>\n<td align=\"left\" height=\"0\">Betriebliche Gesundheitsf\u00f6rderung und die Variablen Alter, Position und Schulbildung<\/td>\n<td align=\"left\" height=\"0\"><\/td>\n<td align=\"right\" height=\"0\">39<\/td>\n<\/tr>\n<tr align=\"left\" valign=\"top\">\n<td align=\"left\" height=\"0\">5.3<\/td>\n<td align=\"left\" height=\"0\">Unternehmensgr\u00f6\u00dfe und Einf\u00fchrung einer betrieblichen Gesundheitsf\u00f6rderung<\/td>\n<td align=\"left\" height=\"0\"><\/td>\n<td align=\"right\" height=\"0\">41<\/td>\n<\/tr>\n<tr align=\"left\" valign=\"top\">\n<td align=\"left\" height=\"0\">5.3.1<\/td>\n<td align=\"left\" height=\"0\">Betriebliche Gesundheitsf\u00f6rderung in Mikro- (Kleinst)unternehmen (MA &lt;10) bzw. Jungunternehmen<br \/>\n            (Gr\u00fcndung nach 1. 1<br \/>\n            . 1998)<\/td>\n<td align=\"left\" height=\"0\"><\/td>\n<td align=\"right\" height=\"0\">45<\/td>\n<\/tr>\n<tr align=\"left\" valign=\"top\">\n<td align=\"left\" height=\"0\">5.4<\/td>\n<td align=\"left\" height=\"0\">Betriebswirtschaftliche Situation (subjektive Einsch\u00e4tzung der Kennzahlen) und Zusammenh\u00e4nge mit einer betrieblichen Gesundheitsf\u00f6rderung<\/td>\n<td align=\"left\" height=\"0\"><\/td>\n<td align=\"right\" height=\"0\">52<\/td>\n<\/tr>\n<tr align=\"left\" valign=\"top\">\n<td align=\"left\" height=\"0\">5.5<\/td>\n<td align=\"left\" height=\"0\">Entwicklungsstand der Organisations- bzw. Personalentwicklung und betriebliche Gesundheitsf\u00f6rderung<\/td>\n<td align=\"left\" height=\"0\"><\/td>\n<td align=\"right\" height=\"0\">55<\/td>\n<\/tr>\n<tr align=\"left\" valign=\"top\">\n<td align=\"left\" height=\"0\">5.5.1<\/td>\n<td align=\"left\" height=\"0\">Zusammenh\u00e4nge zwischen der Zufriedenheit mit Organisations- und Personalentwicklungsma\u00dfnahmen und der Motivation (Sinndimension)<\/td>\n<td align=\"left\" height=\"0\"><\/td>\n<td align=\"right\" height=\"0\">62<\/td>\n<\/tr>\n<tr align=\"left\" valign=\"top\">\n<td align=\"left\" height=\"0\">5.6<\/td>\n<td align=\"left\" height=\"0\">Gesamtzufriedenheit mit den vorhandenen Organisations- und Personal-entwicklungsinstrumenten und aktuelle Belastungen bzw. Beschwerden<\/td>\n<td align=\"left\" height=\"0\"><\/td>\n<td align=\"right\" height=\"0\">63<\/td>\n<\/tr>\n<tr align=\"left\" valign=\"top\">\n<td align=\"left\" height=\"0\">5.7<\/td>\n<td align=\"left\" height=\"0\">Pers\u00f6nlichkeitscoaching als wichtiges Instrument in der betrieblichen Gesundheitsf\u00f6rderung<\/td>\n<td align=\"left\" height=\"0\"><\/td>\n<td align=\"right\" height=\"0\">67<\/td>\n<\/tr>\n<tr align=\"left\" valign=\"top\">\n<td align=\"left\" height=\"0\">5.8<\/td>\n<td align=\"left\" height=\"0\">Psychosoziale bzw. betriebswirtschaftliche Quellenberufe in der betrieblichen Gesundheitsf\u00f6rderung: Notwendigkeit und Akzeptanz<\/td>\n<td align=\"left\" height=\"0\"><\/td>\n<td align=\"right\" height=\"0\">69<\/td>\n<\/tr>\n<tr align=\"left\" valign=\"top\">\n<td align=\"left\" height=\"0\">5.8.1<\/td>\n<td align=\"left\" height=\"0\">Beratung und Begleitung durch PsychotherapeutInnen bei Belastungen im Berufsalltag<\/td>\n<td align=\"left\" height=\"0\"><\/td>\n<td align=\"right\" height=\"0\">78<\/td>\n<\/tr>\n<tr align=\"left\" valign=\"top\">\n<td align=\"left\" valign=\"middle\" height=\"0\"><strong>6<\/strong><\/td>\n<td align=\"left\" valign=\"middle\" height=\"0\"><strong>Exkurs 1: Betriebliche Gesundheitsf\u00f6rderung und Motivation<\/strong><\/td>\n<td align=\"left\" valign=\"bottom\" height=\"0\"><a href=\"http:\/\/www.logoconsult.at\/wp\/wp-content\/uploads\/2016\/07\/04b_bgf_studie03_80bis92.pdf\">download<\/a><\/td>\n<td align=\"right\" valign=\"middle\" height=\"0\"><strong>80<\/strong><\/td>\n<\/tr>\n<tr align=\"left\" valign=\"top\">\n<td align=\"left\" height=\"0\">6.1<\/td>\n<td align=\"left\" height=\"0\">BGF aus der Sicht der Logotherapie und Existenzanalyse (V. E. Frankl): Empirische Validierung des Motivations- bzw. Sinnkonstruktes<\/td>\n<td align=\"left\" height=\"0\"><\/td>\n<td align=\"right\" height=\"0\">80<\/td>\n<\/tr>\n<tr align=\"left\" valign=\"top\">\n<td align=\"left\" height=\"0\">6.2<\/td>\n<td align=\"left\" height=\"0\">Problem- und Fragestellungen von F\u00fchrungspersonen und deren Einfluss auf die Motivation<\/td>\n<td align=\"left\" height=\"0\"><\/td>\n<td align=\"right\" height=\"0\">82<\/td>\n<\/tr>\n<tr align=\"left\" valign=\"top\">\n<td align=\"left\" height=\"0\">6.3<\/td>\n<td align=\"left\" height=\"0\">Deutliche Bevorzugung sinnbezogener Themen in der betrieblichen Gesundheitsf\u00f6rderung<\/td>\n<td align=\"left\" height=\"0\"><\/td>\n<td align=\"right\" height=\"0\">86<\/td>\n<\/tr>\n<tr align=\"left\" valign=\"top\">\n<td align=\"left\" height=\"0\">6.4<\/td>\n<td align=\"left\" height=\"0\">Betriebliche Gesundheitsf\u00f6rderung und (De-)Motivation im sozialen Miteinander (inter- und intrasoziale Frage- und Problemstellungen)<\/td>\n<td align=\"left\" height=\"0\"><\/td>\n<td align=\"right\" height=\"0\">88<\/td>\n<\/tr>\n<tr align=\"left\" valign=\"top\">\n<td align=\"left\" height=\"0\">6.4<\/td>\n<td align=\"left\" height=\"0\">Defizite bei motivationsf\u00f6rdernden BGF-Aktivit\u00e4ten durch F\u00fchrungspersonen<\/td>\n<td align=\"left\" height=\"0\"><\/td>\n<td align=\"right\" height=\"0\">91<\/td>\n<\/tr>\n<tr align=\"left\" valign=\"bottom\">\n<td align=\"left\" valign=\"middle\" height=\"0\"><strong>7<\/strong><\/td>\n<td align=\"left\" valign=\"middle\" height=\"0\"><strong>Exkurs 2: Geplante Budgets f\u00fcr betriebliche Gesundheitsf\u00f6rderung<\/strong><\/td>\n<td align=\"left\" height=\"0\"><a href=\"http:\/\/www.logoconsult.at\/wp\/wp-content\/uploads\/2016\/07\/04c_bgf_studie03_93bis110.pdf\">download<\/a><\/td>\n<td align=\"right\" valign=\"middle\" height=\"0\"><strong>93<\/strong><\/td>\n<\/tr>\n<tr align=\"left\" valign=\"bottom\">\n<td align=\"left\" valign=\"middle\" height=\"0\">8<\/td>\n<td align=\"left\" valign=\"middle\" height=\"0\">Exkurs 3: Psychosoziales Wohlbefinden (Selbstbild) von F\u00fchrungs personen<\/td>\n<td align=\"left\" height=\"0\"><\/td>\n<td align=\"right\" valign=\"middle\" height=\"0\">96<\/td>\n<\/tr>\n<tr align=\"left\" valign=\"bottom\">\n<td align=\"left\" valign=\"middle\" height=\"0\">9<\/td>\n<td align=\"left\" valign=\"middle\" height=\"0\">Exkurs 4: Freizeitma\u00dfnahmen und k\u00f6rperliche bzw. seelische Kraftquellen von F\u00fchrungspersonen<\/td>\n<td align=\"left\" height=\"0\"><\/td>\n<td align=\"right\" valign=\"middle\" height=\"0\">98<\/td>\n<\/tr>\n<tr align=\"left\" valign=\"bottom\">\n<td align=\"left\" valign=\"middle\" height=\"0\">10<\/td>\n<td align=\"left\" valign=\"middle\" height=\"0\">Exkurs 5: Belastungen, Beschwerden und die Auswirkungen auf die Motivation<\/td>\n<td align=\"left\" height=\"0\"><\/td>\n<td align=\"right\" valign=\"middle\" height=\"0\">102<\/td>\n<\/tr>\n<tr align=\"left\" valign=\"top\">\n<td align=\"left\" height=\"0\">10.1<\/td>\n<td align=\"left\" height=\"0\">Beschwerden und daraus resultierende Beeintr\u00e4chtigungen bei der Arbeit<\/td>\n<td align=\"left\" height=\"0\"><\/td>\n<td align=\"right\" height=\"0\">105<\/td>\n<\/tr>\n<tr align=\"left\" valign=\"top\">\n<td align=\"left\" height=\"0\">10.2<\/td>\n<td align=\"left\" height=\"0\">Faktoren, die k\u00f6rperliche und psychosoziale Beschwerden voraussagen. Sinn und Motivation als wichtige salutogene Faktoren<\/td>\n<td align=\"left\" height=\"0\"><\/td>\n<td align=\"right\" height=\"0\">106<\/td>\n<\/tr>\n<tr align=\"left\" valign=\"top\">\n<td align=\"left\" valign=\"middle\" height=\"0\"><strong>11<\/strong><\/td>\n<td align=\"left\" valign=\"middle\" height=\"0\"><strong>Exkurs 6: Geschlechtsspezifische Fragestellungen<\/strong><\/td>\n<td align=\"left\" height=\"0\"><a href=\"http:\/\/www.logoconsult.at\/wp\/wp-content\/uploads\/2016\/07\/05-ORIG-Teil-5-7-111-124-BGF-Studie-01-02-2003.pdf\">download<\/a><\/td>\n<td align=\"right\" valign=\"bottom\" height=\"0\"><strong>111<\/strong><\/td>\n<\/tr>\n<tr align=\"left\" valign=\"top\">\n<td align=\"left\" valign=\"middle\" height=\"0\"><strong>12<\/strong><\/td>\n<td align=\"left\" valign=\"middle\" height=\"0\"><strong>Diskussion und m\u00f6glicher Lerntransfer<\/strong><\/td>\n<td align=\"left\" valign=\"bottom\" height=\"0\"><\/td>\n<td align=\"right\" valign=\"middle\" height=\"0\"><strong>111<\/strong><\/td>\n<\/tr>\n<tr align=\"left\" valign=\"top\">\n<td align=\"left\" height=\"0\">12.1<\/td>\n<td align=\"left\" height=\"0\">Aktivit\u00e4ten, Motive und Einstellungen im Zusammenhang mit Branche, Alter, Position und Schulbildung<\/td>\n<td align=\"left\" height=\"0\"><\/td>\n<td align=\"right\" height=\"0\">113<\/td>\n<\/tr>\n<tr align=\"left\" valign=\"top\">\n<td align=\"left\" height=\"0\">12.2<\/td>\n<td align=\"left\" height=\"0\">BGF und der Zusammenhang der Unternehmensgr\u00f6\u00dfe bei der Einf\u00fchrung<\/td>\n<td align=\"left\" height=\"0\"><\/td>\n<td align=\"right\" height=\"0\">114<\/td>\n<\/tr>\n<tr align=\"left\" valign=\"top\">\n<td align=\"left\" height=\"0\">12.3<\/td>\n<td align=\"left\" height=\"0\">BGF und der Zusammenhang mit dem betriebswirtschaftlichen Erfolg eines Unternehmens<\/td>\n<td align=\"left\" height=\"0\"><\/td>\n<td align=\"right\" height=\"0\">115<\/td>\n<\/tr>\n<tr align=\"left\" valign=\"top\">\n<td align=\"left\" height=\"0\">12.4<\/td>\n<td align=\"left\" height=\"0\">BGF und der Zusammenhang mit Organisations- und Personalentwicklung<\/td>\n<td align=\"left\" height=\"0\"><\/td>\n<td align=\"right\" height=\"0\">116<\/td>\n<\/tr>\n<tr align=\"left\" valign=\"top\">\n<td align=\"left\" height=\"0\">12.5<\/td>\n<td align=\"left\" height=\"0\">BGF und Pers\u00f6nlichkeitscoaching<\/td>\n<td align=\"left\" height=\"0\"><\/td>\n<td align=\"right\" height=\"0\">117<\/td>\n<\/tr>\n<tr align=\"left\" valign=\"bottom\">\n<td align=\"left\" height=\"0\">12.6<\/td>\n<td align=\"left\" height=\"0\">BGF und bevorzugte Anbieter (Quellenberufe). Die Psychotherapie als Erg\u00e4nzung zur Arbeitsmedizin und Arbeitspsychologie<\/td>\n<td align=\"left\" height=\"0\"><\/td>\n<td align=\"right\" height=\"0\">118<\/td>\n<\/tr>\n<tr align=\"left\" valign=\"bottom\">\n<td align=\"left\" height=\"0\">12.7<\/td>\n<td align=\"left\" height=\"0\">BGF und die Bedeutung der Motivation f\u00fcr das psycho-soziale Wohlbefinden<\/td>\n<td align=\"left\" height=\"0\"><\/td>\n<td align=\"right\" height=\"0\">120<\/td>\n<\/tr>\n<tr align=\"left\" valign=\"bottom\">\n<td align=\"left\" height=\"0\">12.8<\/td>\n<td align=\"left\" height=\"0\">BGF und die Bedeutung des sozialen Miteinanders (Betriebsklima)<\/td>\n<td align=\"left\" height=\"0\"><\/td>\n<td align=\"right\" height=\"0\">122<\/td>\n<\/tr>\n<tr align=\"left\" valign=\"bottom\">\n<td align=\"left\" height=\"0\">12.9<\/td>\n<td align=\"left\" height=\"0\">Wohlbefinden, Gesundheit und die Kraftquellen von F\u00fchrungspersonen (Selbstbild)<\/td>\n<td align=\"left\" height=\"0\"><\/td>\n<td align=\"right\" height=\"0\">122<\/td>\n<\/tr>\n<tr align=\"left\" valign=\"top\">\n<td align=\"left\" height=\"0\">12.10<\/td>\n<td align=\"left\" height=\"0\">Belastungen im Berufsalltag<\/td>\n<td align=\"left\" height=\"0\"><\/td>\n<td align=\"right\" height=\"0\">123<\/td>\n<\/tr>\n<tr align=\"left\" valign=\"top\">\n<td align=\"left\" height=\"0\">12.11<\/td>\n<td align=\"left\" height=\"0\">Strategien, Interventionsvarianten und Marketing bei der Einf\u00fchrung von BGF<\/td>\n<td align=\"left\" height=\"0\"><\/td>\n<td align=\"right\" height=\"0\">124<\/td>\n<\/tr>\n<tr align=\"left\" valign=\"top\">\n<td align=\"left\" valign=\"middle\" height=\"0\"><strong>13<\/strong><\/td>\n<td align=\"left\" valign=\"middle\" height=\"0\"><strong>Externe Rahmenbedingungen der Studie: Eine kritische Reflexion<\/strong><\/td>\n<td align=\"left\" valign=\"bottom\" height=\"0\"><a href=\"http:\/\/www.logoconsult.at\/wp\/wp-content\/uploads\/2016\/07\/06-ORIG-Teil-6-7-125-127-BGF-Studie-01-02-2003.pdf\">download<\/a><\/td>\n<td align=\"right\" valign=\"middle\" height=\"0\"><strong>125<\/strong><\/td>\n<\/tr>\n<tr align=\"left\" valign=\"top\">\n<td align=\"left\" valign=\"middle\" height=\"0\"><strong>14<\/strong><\/td>\n<td align=\"left\" valign=\"middle\" height=\"0\"><strong>Anhang<\/strong><\/td>\n<td align=\"left\" valign=\"bottom\" height=\"0\"><a href=\"http:\/\/www.logoconsult.at\/wp\/wp-content\/uploads\/2016\/07\/07-ORIG-Teil-7-7.1-128-145-Anhang-01-02-2003.pdf\">download<\/a><\/td>\n<td align=\"right\" valign=\"middle\" height=\"0\"><strong>128<\/strong><\/td>\n<\/tr>\n<tr align=\"left\" valign=\"top\">\n<td align=\"left\" height=\"0\">14.1<\/td>\n<td align=\"left\" height=\"0\">Einleitungsschreiben \u2013 Vorstellen der Studie<\/td>\n<td align=\"left\" height=\"0\"><\/td>\n<td align=\"right\" height=\"0\">128<\/td>\n<\/tr>\n<tr align=\"left\" valign=\"top\">\n<td align=\"left\" height=\"0\">14.2<\/td>\n<td align=\"left\" height=\"0\">Begleitschreiben zum Fragebogen<\/td>\n<td align=\"left\" height=\"0\"><\/td>\n<td align=\"right\" height=\"0\">129<\/td>\n<\/tr>\n<tr align=\"left\" valign=\"top\">\n<td align=\"left\" height=\"0\">14.3<\/td>\n<td align=\"left\" height=\"0\">Erkl\u00e4rung zu den statistischen Berechnungen<\/td>\n<td align=\"left\" height=\"0\"><\/td>\n<td align=\"right\" height=\"0\">130<\/td>\n<\/tr>\n<tr align=\"left\" valign=\"top\">\n<td align=\"left\" height=\"0\">14.4<\/td>\n<td align=\"left\" height=\"0\">Reliabilit\u00e4tskoeffizienten (interne Konsistenz)<\/td>\n<td align=\"left\" height=\"0\"><\/td>\n<td align=\"right\" height=\"0\">132<\/td>\n<\/tr>\n<tr align=\"left\" valign=\"top\">\n<td align=\"left\" height=\"0\">14.5<\/td>\n<td align=\"left\" height=\"0\">Definition von verwendeten BGF-Kennwerten<\/td>\n<td align=\"left\" height=\"0\"><\/td>\n<td align=\"right\" height=\"0\">133<\/td>\n<\/tr>\n<tr align=\"left\" valign=\"top\">\n<td align=\"left\" height=\"0\">14.6<\/td>\n<td align=\"left\" height=\"0\">Selbst- und Fremdbild bzw. ausgew\u00e4hlte BGF-Aktivit\u00e4ten<\/td>\n<td align=\"left\" height=\"0\"><\/td>\n<td align=\"right\" height=\"0\">134<\/td>\n<\/tr>\n<tr align=\"left\" valign=\"top\">\n<td align=\"left\" height=\"0\">14.7<\/td>\n<td align=\"left\" height=\"0\">Personal- und Organisationsentwicklung<\/td>\n<td align=\"left\" height=\"0\"><\/td>\n<td align=\"right\" height=\"0\">134<\/td>\n<\/tr>\n<tr align=\"left\" valign=\"top\">\n<td align=\"left\" height=\"0\">14.8<\/td>\n<td align=\"left\" height=\"0\">Belastungen und Beschwerden<\/td>\n<td align=\"left\" height=\"0\"><\/td>\n<td align=\"right\" height=\"0\">135<\/td>\n<\/tr>\n<tr align=\"left\" valign=\"top\">\n<td align=\"left\" height=\"0\">14.9<\/td>\n<td align=\"left\" height=\"0\">Kontrollitems: Angegebene, gegenw\u00e4rtige BGF-Aktivit\u00e4ten und BGF (Fremdbild)<\/td>\n<td align=\"left\" height=\"0\"><\/td>\n<td align=\"right\" height=\"0\">136<\/td>\n<\/tr>\n<tr align=\"left\" valign=\"top\">\n<td align=\"left\" height=\"0\">14.10<\/td>\n<td align=\"left\" height=\"0\">M\u00f6gliche Gestaltung psychotherapeutischer Ausbildungscurricula<\/td>\n<td align=\"left\" height=\"0\"><\/td>\n<td align=\"right\" height=\"0\">136<\/td>\n<\/tr>\n<tr align=\"left\" valign=\"top\">\n<td align=\"left\" height=\"0\">14.11<\/td>\n<td align=\"left\" height=\"0\">Logotherapie und Existenzanalyse als Beitrag zur Motivationsproblematik.<br \/>\n            Erg\u00e4nzung und Erweiterung<\/td>\n<td align=\"left\" height=\"0\"><\/td>\n<td align=\"right\" height=\"0\">137<\/td>\n<\/tr>\n<tr align=\"left\" valign=\"top\">\n<td align=\"left\">14.12<\/td>\n<td align=\"left\">Teilpr\u00e4sentation der Studie \u2013 Public Relations<\/td>\n<td align=\"left\"><\/td>\n<td align=\"right\">139<\/td>\n<\/tr>\n<tr align=\"left\" valign=\"top\">\n<td align=\"left\" height=\"0\">14.13<\/td>\n<td align=\"left\" height=\"0\">Definition der Betriebsgr\u00f6\u00dfenklassen durch die Europ\u00e4ische Kommission<\/td>\n<td align=\"left\" height=\"0\"><\/td>\n<td align=\"right\" height=\"0\">140<\/td>\n<\/tr>\n<tr align=\"left\" valign=\"top\">\n<td align=\"left\" height=\"0\">14.14<\/td>\n<td align=\"left\" height=\"0\">Abk\u00fcrzungen<\/td>\n<td align=\"left\" height=\"0\"><\/td>\n<td align=\"right\" height=\"0\">140<\/td>\n<\/tr>\n<tr align=\"left\" valign=\"top\">\n<td align=\"left\" height=\"0\">14.15<\/td>\n<td align=\"left\" height=\"0\">Verzeichnis: Tabellen<\/td>\n<td align=\"left\" height=\"0\"><\/td>\n<td align=\"right\" height=\"0\">141<\/td>\n<\/tr>\n<tr align=\"left\" valign=\"top\">\n<td align=\"left\" height=\"0\">14.16<\/td>\n<td align=\"left\" height=\"0\">Verzeichnis: Graphiken<\/td>\n<td align=\"left\" height=\"0\"><\/td>\n<td align=\"right\" height=\"0\">142<\/td>\n<\/tr>\n<tr align=\"left\" valign=\"top\">\n<td align=\"left\" height=\"0\">14.17<\/td>\n<td align=\"left\" height=\"0\">Literaturverzeichnis<\/td>\n<td align=\"left\" height=\"0\"><\/td>\n<td align=\"right\" height=\"0\">143<\/td>\n<\/tr>\n<tr align=\"left\" valign=\"top\">\n<td align=\"left\" valign=\"middle\" height=\"0\"><strong>14.17.1<\/strong><\/td>\n<td align=\"left\" valign=\"middle\" height=\"0\"><strong>B\u00fccher<\/strong><\/td>\n<td align=\"left\" height=\"0\"><a href=\"http:\/\/www.logoconsult.at\/wp\/wp-content\/uploads\/2016\/07\/08-ORIG-Teil-7-7.2-144-146-Anhang-01-02-2003.pdf\">download<\/a><\/td>\n<td align=\"right\" valign=\"middle\" height=\"0\"><strong>144<\/strong><\/td>\n<\/tr>\n<tr align=\"left\" valign=\"top\">\n<td align=\"left\" height=\"0\">14.17.2<\/td>\n<td align=\"left\" height=\"0\">Zeitschriften<\/td>\n<td align=\"left\" height=\"0\"><\/td>\n<td align=\"right\" height=\"0\">146<\/td>\n<\/tr>\n<tr align=\"left\" valign=\"top\">\n<td align=\"left\" valign=\"top\" height=\"0\"><\/td>\n<td align=\"left\" valign=\"top\" height=\"0\"><\/td>\n<td align=\"left\" valign=\"top\"><\/td>\n<td align=\"right\" valign=\"top\" height=\"0\"><\/td>\n<\/tr>\n<\/tbody>\n<\/table>\n","protected":false},"excerpt":{"rendered":"<p>BGF-Studie 2003 Deckblatt, Einleitung und Inhaltsverzeichnis download 1 Zusammenfassung download 1 2 Ausgangssituation 3 3 Einleitung download 4 3.1 3.23.3 3.4 3.5 Analyse der Problemstellung Selektiver Kurz\u00fcberblick \u00fcber den aktuellen regionalen, nationalen und internationalen Stand der Forschung hinsichtlich des gegenst\u00e4ndlichen &hellip;<\/p>\n","protected":false},"author":4,"featured_media":0,"parent":2183,"menu_order":0,"comment_status":"closed","ping_status":"closed","template":"","meta":[],"_links":{"self":[{"href":"https:\/\/www.logoconsult.at\/wp\/wp-json\/wp\/v2\/pages\/3072"}],"collection":[{"href":"https:\/\/www.logoconsult.at\/wp\/wp-json\/wp\/v2\/pages"}],"about":[{"href":"https:\/\/www.logoconsult.at\/wp\/wp-json\/wp\/v2\/types\/page"}],"author":[{"embeddable":true,"href":"https:\/\/www.logoconsult.at\/wp\/wp-json\/wp\/v2\/users\/4"}],"replies":[{"embeddable":true,"href":"https:\/\/www.logoconsult.at\/wp\/wp-json\/wp\/v2\/comments?post=3072"}],"version-history":[{"count":7,"href":"https:\/\/www.logoconsult.at\/wp\/wp-json\/wp\/v2\/pages\/3072\/revisions"}],"predecessor-version":[{"id":4431,"href":"https:\/\/www.logoconsult.at\/wp\/wp-json\/wp\/v2\/pages\/3072\/revisions\/4431"}],"up":[{"embeddable":true,"href":"https:\/\/www.logoconsult.at\/wp\/wp-json\/wp\/v2\/pages\/2183"}],"wp:attachment":[{"href":"https:\/\/www.logoconsult.at\/wp\/wp-json\/wp\/v2\/media?parent=3072"}],"curies":[{"name":"wp","href":"https:\/\/api.w.org\/{rel}","templated":true}]}}