{"id":2961,"date":"2016-07-29T11:13:17","date_gmt":"2016-07-29T09:13:17","guid":{"rendered":"http:\/\/www.logoconsult.at\/wp\/?page_id=2961"},"modified":"2020-01-29T17:16:36","modified_gmt":"2020-01-29T16:16:36","slug":"referenzen","status":"publish","type":"page","link":"https:\/\/www.logoconsult.at\/wp\/referenzen\/","title":{"rendered":"REFERENZEN | BEST PRACTICE"},"content":{"rendered":"<p>[vc_row][vc_column][vc_column_text]Im Rahmen einer Beratung werden sensible Daten preisgegeben, die lt. \u00f6sterr. Psychologengesetz und Psychotherapiegesetz der Verschwiegenheitspflicht unterliegen.<\/p>\n<p>Wir bitten daher um Verst\u00e4ndnis, dass wir keine Referenzen anf\u00fchren, es sei denn, wir werden von den Auftraggeber(inne)n dazu schriftlich erm\u00e4chtigt, wie es bei den angef\u00fchrten Best-Practice-Beispielen der Fall ist.[\/vc_column_text][\/vc_column][\/vc_row][vc_row el_class=&#8221;content-referenzen&#8221;][vc_column width=&#8221;1\/4&#8243;][vc_column_text]<\/p>\n<h1 style=\"text-align: center; font-size: 48px;\">1<\/h1>\n<p>[\/vc_column_text][\/vc_column][vc_column width=&#8221;3\/4&#8243;][vc_column_text]<strong>STUDIE (2003) \u2013 BETRIEBLICHE GESUNDHEITSF\u00d6RDERUNG<\/strong><\/p>\n<p>Betriebliche Gesundheitsf\u00f6rderung als Personal- und Organisationsentwicklung in Klein- und Mittelunternehmen aus Sicht von F\u00fchrungspersonen. Autoren H<br \/>\n. Graf, V. Grote.<\/p>\n<p style=\"text-align: right;\"><a href=\"https:\/\/www.yumpu.com\/xx\/document\/view\/59915813\/logo-consult-bgf-studie-2-version-01-02-2003\" target=\"_blank\" rel=\"noopener noreferrer\">ERFAHREN SIE MEHR<\/a><\/p>\n<p>[\/vc_column_text][\/vc_column][\/vc_row][vc_row el_class=&#8221;content-referenzen&#8221;][vc_column width=&#8221;1\/4&#8243;][vc_column_text]<\/p>\n<h1 style=\"text-align: center; font-size: 48px;\">2<\/h1>\n<p>[\/vc_column_text][\/vc_column][vc_column width=&#8221;3\/4&#8243;][vc_column_text]<strong>WILD AUSTRIA \u2013 GESUNDHEITS-OSKAR 2005<\/strong><\/p>\n<p>\u00d6sterreichischer Preis f\u00fcr Betriebliche Gesundheitsf\u00f6rderung<\/p>\n<p style=\"text-align: right;\"><a href=\"https:\/\/www.yumpu.com\/de\/document\/view\/59901501\/0101-wild-austria-bgf-oskar\" target=\"_blank\" rel=\"noopener noreferrer\">ERFAHREN SIE MEHR<\/a><\/p>\n<p>Fonds Gesundes \u00d6sterreich \u2013 Ausf\u00fchrliche Projektdokumentation<\/p>\n<p style=\"text-align: right;\"><a href=\"http:\/\/fgoe.org\/wild_gesunder_vorsprung\" target=\"_blank\" rel=\"noopener noreferrer\">ERFAHREN SIE MEHR<\/a><\/p>\n<p>[\/vc_column_text][\/vc_column][\/vc_row][vc_row el_class=&#8221;content-referenzen&#8221;][vc_column width=&#8221;1\/4&#8243;][vc_column_text]<\/p>\n<h1 style=\"text-align: center; font-size: 48px;\">3<\/h1>\n<p>[\/vc_column_text][\/vc_column][vc_column width=&#8221;3\/4&#8243;][vc_column_text]<strong>PERS\u00d6NLICHKEITS-COACHING<\/strong><\/p>\n<p>Evaluierung eines arbeitspsychologisch-psychotherapeutischen Pers\u00f6nlichkeits-Coachings. Der Schwerpunkt der Begleitung lag darin, arbeits- und pers\u00f6nlichkeitsbedingte und stressf\u00f6rdernder Denk-, F\u00fchl- und Verhaltensmuster im Arbeitsalltag zu reduzieren.<\/p>\n<p style=\"text-align: right;\"><a href=\"https:\/\/www.yumpu.com\/de\/document\/view\/59901491\/02-personlichkeits-coaching-2010\" target=\"_blank\" rel=\"noopener noreferrer\">ERFAHREN SIE MEHR<\/a><\/p>\n<p>[\/vc_column_text][\/vc_column][\/vc_row][vc_row el_class=&#8221;content-referenzen&#8221;][vc_column width=&#8221;1\/4&#8243;][vc_column_text]<\/p>\n<h1 style=\"text-align: center; font-size: 48px;\">4<\/h1>\n<p>[\/vc_column_text][\/vc_column][vc_column width=&#8221;3\/4&#8243;][vc_column_text]<strong>REDUZIERUNG PSYCHISCHER STRESS<\/strong><\/p>\n<p>In einem \u00f6sterr. Gro\u00dfunternehmen wurden von 2006 bis 2013 insgesamt 138 F\u00fchrungspersonen betreut. Die Betreuungsdauer je Gruppe betrug 12 Monate. In allen Jahresgruppen konnte eine signifikante Reduzierung des Stressverhaltens erreicht werden.<\/p>\n<p style=\"text-align: right;\"><a href=\"https:\/\/www.yumpu.com\/de\/document\/view\/59901492\/03-reduzierung-psychischer-stress\" target=\"_blank\" rel=\"noopener noreferrer\">ERFAHREN SIE MEHR<\/a><\/p>\n<p>[\/vc_column_text][\/vc_column][\/vc_row][vc_row el_class=&#8221;content-referenzen&#8221;][vc_column width=&#8221;1\/4&#8243;][vc_column_text]<\/p>\n<h1 style=\"text-align: center; font-size: 48px;\">5<\/h1>\n<p>[\/vc_column_text][\/vc_column][vc_column width=&#8221;3\/4&#8243;][vc_column_text]<strong>CCL \u2013 Gesund miteinander<\/strong><\/p>\n<p>Im Rahmen der freiwilligen betrieblichen Gesundheitsf\u00f6rderung wurden 2011 Mitarbeiter(innen) und F\u00fchrungspersonen betreut. Die Interventionen waren verhaltens- und verh\u00e4ltnisorientiert. Das Projekt wurde vom Fonds Gesundes \u00d6sterreich gef\u00f6rdert.<\/p>\n<p style=\"text-align: right;\"><a href=\"https:\/\/www.yumpu.com\/de\/document\/view\/59901493\/04-ccl-gesund-miteinander\" target=\"_blank\" rel=\"noopener noreferrer\">ERFAHREN SIE MEHR<\/a><\/p>\n<p>Fonds Gesundes \u00d6sterreich \u2013 Ausf\u00fchrliche Projektdokumentation<\/p>\n<p style=\"text-align: right;\"><a href=\"http:\/\/old.fgoe.org\/\/projektfoerderung\/gefoerderte-projekte\/FgoeProject_3179\" target=\"_blank\" rel=\"noopener noreferrer\">ERFAHREN SIE MEHR<\/a><\/p>\n<p>[\/vc_column_text][\/vc_column][\/vc_row][vc_row el_class=&#8221;content-referenzen&#8221;][vc_column width=&#8221;1\/4&#8243;][vc_column_text]<\/p>\n<h1 style=\"text-align: center; font-size: 48px;\">6<\/h1>\n<p>[\/vc_column_text][\/vc_column][vc_column width=&#8221;3\/4&#8243;][vc_column_text]<strong>F\u00f6rderung der Sozial- und Selbstkompetenz:<\/strong><br \/>\n<strong>Mitarbeiter(innen): Vertrieb und Verkauf<\/strong><\/p>\n<p>In Jahresgruppen wurden Mitarbeiter(innen) im Bereich Vertrieb und Verkauf arbeitspsychologisch begleitet. Eine deutliche Verbesserung der Selbst- und Sozialkompetenz konnte in den jeweiligen Jahresgruppen erreicht werden.<\/p>\n<p style=\"text-align: right;\"><a href=\"https:\/\/www.yumpu.com\/de\/document\/view\/59901494\/05-forderung-soz-und-selbstkompetenz\" target=\"_blank\" rel=\"noopener noreferrer\">ERFAHREN SIE MEHR<\/a><\/p>\n<p>[\/vc_column_text][\/vc_column][\/vc_row][vc_row el_class=&#8221;content-referenzen&#8221;][vc_column width=&#8221;1\/4&#8243;][vc_column_text]<\/p>\n<h1 style=\"text-align: center; font-size: 48px;\">7<\/h1>\n<p>[\/vc_column_text][\/vc_column][vc_column width=&#8221;3\/4&#8243;][vc_column_text]<strong>SWICA<\/strong><\/p>\n<p>Das Schweizer Versicherungskonzern hat die logo consult GmbH beauftragt, bei einem Tochterunternehmen eines Schweizer Gro\u00dfkonzerns im Rahmen des Betrieblichen Gesundheitsmanagements ca. 100 Mitarbeiter(innen) verhaltens- und verh\u00e4ltnisorientiert zu begleiten. Die Evaluierung wurde von logo consult GmbH und konzernintern, von au\u00dfenstehenden Fachleuten, durchgef\u00fchrt.<\/p>\n<p style=\"text-align: right;\"><a href=\"https:\/\/www.yumpu.com\/de\/document\/view\/59901495\/06-swica\" target=\"_blank\" rel=\"noopener noreferrer\">ERFAHREN SIE MEHR<\/a><\/p>\n<p>[\/vc_column_text][\/vc_column][\/vc_row]<\/p>\n","protected":false},"excerpt":{"rendered":"<p>[vc_row][vc_column][vc_column_text]Im Rahmen einer Beratung werden sensible Daten preisgegeben, die lt. \u00f6sterr. Psychologengesetz und Psychotherapiegesetz der Verschwiegenheitspflicht unterliegen. Wir bitten daher um Verst\u00e4ndnis, dass wir keine Referenzen anf\u00fchren, es sei denn, wir werden von den Auftraggeber(inne)n dazu schriftlich erm\u00e4chtigt, wie es &hellip;<\/p>\n","protected":false},"author":4,"featured_media":0,"parent":0,"menu_order":132,"comment_status":"closed","ping_status":"closed","template":"","meta":[],"_links":{"self":[{"href":"https:\/\/www.logoconsult.at\/wp\/wp-json\/wp\/v2\/pages\/2961"}],"collection":[{"href":"https:\/\/www.logoconsult.at\/wp\/wp-json\/wp\/v2\/pages"}],"about":[{"href":"https:\/\/www.logoconsult.at\/wp\/wp-json\/wp\/v2\/types\/page"}],"author":[{"embeddable":true,"href":"https:\/\/www.logoconsult.at\/wp\/wp-json\/wp\/v2\/users\/4"}],"replies":[{"embeddable":true,"href":"https:\/\/www.logoconsult.at\/wp\/wp-json\/wp\/v2\/comments?post=2961"}],"version-history":[{"count":19,"href":"https:\/\/www.logoconsult.at\/wp\/wp-json\/wp\/v2\/pages\/2961\/revisions"}],"predecessor-version":[{"id":4485,"href":"https:\/\/www.logoconsult.at\/wp\/wp-json\/wp\/v2\/pages\/2961\/revisions\/4485"}],"wp:attachment":[{"href":"https:\/\/www.logoconsult.at\/wp\/wp-json\/wp\/v2\/media?parent=2961"}],"curies":[{"name":"wp","href":"https:\/\/api.w.org\/{rel}","templated":true}]}}