{"id":2920,"date":"2016-07-29T09:36:33","date_gmt":"2016-07-29T07:36:33","guid":{"rendered":"http:\/\/oz001hob.edis.at\/wp\/?page_id=2920"},"modified":"2020-01-29T17:18:25","modified_gmt":"2020-01-29T16:18:25","slug":"was-ist-psychotherapie","status":"publish","type":"page","link":"https:\/\/www.logoconsult.at\/wp\/psychotherapeutische-praxis-helmut-graf\/was-ist-psychotherapie\/","title":{"rendered":"Was ist Psychotherapie?"},"content":{"rendered":"<p>[vc_row][vc_column]<h1 class='heading-left  divider-sm' ><span>Was ist Psychotherapie?<\/span><\/h1>[vc_column_text]<\/p>\n<p>&nbsp;<\/p>\n<p>Psychotherapie ist ein wissenschaftlich fundiertes Heilverfahren. Sie geht davon aus, dass K\u00f6rper und Seele eine Einheit sind. Krankheiten, Symptome oder Leidenszust\u00e4nde sind demnach entweder Ursache oder Ausdruck von seelischem Ungleichgewicht<br \/>\n.<\/p>\n<p>Es gibt verschiedene anerkannte psychotherapeutische Methoden in \u00d6sterreich. Es sind derzeit 22 psychotherapeutische Methoden anerkannt, die sich grob in vier Richtungen zusammenfassen lassen:<\/p>\n<ul>\n<li>tiefenpsychologisch-psychodynamisch<\/li>\n<li>humanistisch<\/li>\n<li>systemisch<\/li>\n<li>verhaltenstherapeutisch<\/li>\n<\/ul>\n<p>All diese Methoden wurden vom Psychotherapiebeirat im Gesundheitsministerium unter anderem auf ihre wissenschaftliche Fundierung hin \u00fcberpr\u00fcft. Die je spezifischen Behandlungsschritte sind Teil eines umfassenden, theoretisch begr\u00fcndeten und wissenschaftlich untermauerten Theoriegeb\u00e4udes.<\/p>\n<p>In fast allen Therapierichtungen der Psychotherapie ist Einzel- oder Gruppentherapie m\u00f6glich; h\u00e4ufig wird auch Paar- und Familientherapie angeboten. Au\u00dferdem gibt es spezielle Angebote zur Kinder- und Jugendpsychotherapie. Auch die psychotherapeutische Arbeit mit S\u00e4uglingen und Kleinkindern ist m\u00f6glich.<\/p>\n<p>Textquelle: \u00d6sterreichischer Bundesverband f\u00fcr Psychotherapie, Wien.<\/p>\n<p>&nbsp;<\/p>\n<p><strong>Psychotherapeut(inn)en \u2013 Experten f\u00fcr seelische St\u00f6rungen und Fragen<\/strong><\/p>\n<p>Psychotherapeut(inn)en lernen in der Ausbildung eine heilsame Vertrauensbeziehung zur PatientIn aufzubauen und diese in der Behandlung nutzbar zu machen, dazu geh\u00f6ren auch die Diagnostik und ein Behandlungsplan. L\u00f6sungen werden erarbeitet, Pers\u00f6nlichkeitsver\u00e4nderungs- und Pers\u00f6nlichkeitsentwicklungsprozesse werden angeleitet.<\/p>\n<p>Anders als in anderen Gesundheitsberufen spielt die pers\u00f6nliche Eignung der Psychotherapeut(inn)en der Ausbildung eine zentrale Rolle.<\/p>\n<p>Deshalb m\u00fcssen Psychotherapeut(inn)en ein solches Auswahlprozedere, durchlaufen. Die gesetzlich geforderte lange Lehrtherapie bef\u00e4higt zur Selbstreflexion als Basis f\u00fcr eine gelingende psychotherapeutische<\/p>\n<p>Arbeitsbeziehung. In der Psychotherapie werden, basierend auf wissenschaftlich fundierten Behandlungstheorien, entsprechend den Themen und Problemen der Patient(inn)en psychotherapeutischen Interventionsmethoden und Techniken zur Krankenbehandlung eingesetzt.<\/p>\n<p>&nbsp;<\/p>\n<p>&nbsp;<\/p>\n<p><strong>Verschwiegenheitspflicht<\/strong><\/p>\n<p>Psychotherapeut(inn)en unterliegen einer gesetzlich verankerten absoluten Verschwiegenheitspflicht. Diese Verschwiegenheitspflicht dient dem Schutz der f\u00fcr das Gelingen der Psychotherapie unabdingbaren Vertrauensbeziehung zwischen KlientIn und PsychotherapeutIn (\u00a7 15 PthG).<\/p>\n<p>Textquelle: \u00d6sterreichischer Bundesverband f\u00fcr Psychotherapie, Wien.[\/vc_column_text][\/vc_column][\/vc_row]<\/p>\n","protected":false},"excerpt":{"rendered":"<p>[vc_row][vc_column][vc_column_text] &nbsp; Psychotherapie ist ein wissenschaftlich fundiertes Heilverfahren. Sie geht davon aus, dass K\u00f6rper und Seele eine Einheit sind. Krankheiten, Symptome oder Leidenszust\u00e4nde sind demnach entweder Ursache oder Ausdruck von seelischem Ungleichgewicht . Es gibt verschiedene anerkannte psychotherapeutische Methoden in &hellip;<\/p>\n","protected":false},"author":4,"featured_media":0,"parent":2223,"menu_order":4,"comment_status":"closed","ping_status":"closed","template":"","meta":[],"_links":{"self":[{"href":"https:\/\/www.logoconsult.at\/wp\/wp-json\/wp\/v2\/pages\/2920"}],"collection":[{"href":"https:\/\/www.logoconsult.at\/wp\/wp-json\/wp\/v2\/pages"}],"about":[{"href":"https:\/\/www.logoconsult.at\/wp\/wp-json\/wp\/v2\/types\/page"}],"author":[{"embeddable":true,"href":"https:\/\/www.logoconsult.at\/wp\/wp-json\/wp\/v2\/users\/4"}],"replies":[{"embeddable":true,"href":"https:\/\/www.logoconsult.at\/wp\/wp-json\/wp\/v2\/comments?post=2920"}],"version-history":[{"count":7,"href":"https:\/\/www.logoconsult.at\/wp\/wp-json\/wp\/v2\/pages\/2920\/revisions"}],"predecessor-version":[{"id":4490,"href":"https:\/\/www.logoconsult.at\/wp\/wp-json\/wp\/v2\/pages\/2920\/revisions\/4490"}],"up":[{"embeddable":true,"href":"https:\/\/www.logoconsult.at\/wp\/wp-json\/wp\/v2\/pages\/2223"}],"wp:attachment":[{"href":"https:\/\/www.logoconsult.at\/wp\/wp-json\/wp\/v2\/media?parent=2920"}],"curies":[{"name":"wp","href":"https:\/\/api.w.org\/{rel}","templated":true}]}}