{"id":2904,"date":"2016-07-29T09:07:42","date_gmt":"2016-07-29T07:07:42","guid":{"rendered":"http:\/\/oz001hob.edis.at\/wp\/?page_id=2904"},"modified":"2020-01-29T17:07:51","modified_gmt":"2020-01-29T16:07:51","slug":"kurzvita","status":"publish","type":"page","link":"https:\/\/www.logoconsult.at\/wp\/psychotherapeutische-praxis-helmut-graf\/kurzvita\/","title":{"rendered":"KURZVITA"},"content":{"rendered":"<p>[vc_row][vc_column][vc_column_text]<\/p>\n<p>Jahrgang 1954, Mag. Mag. phil., Dr. phil., P\u00e4dagogik und Psychologie. Psychotherapeut, Arbeits- und Gesundheitspsychologe, Klinischer Psychologe und Gesch\u00e4ftsf\u00fchrer der logo consult Unternehmensberatung GmbH.<\/p>\n<p><strong>Schwerpunktt\u00e4tigkeiten:<\/strong><\/p>\n<p>Arbeitspsychologisches Pers\u00f6nlichkeitscoaching von F\u00fchrungspersonen in Sinnkrisen und betriebliche Stress- und Burnout-Pr\u00e4vention.<br \/>\nDer Sachbuchautor ist Entwickler des psychometrischen Testverfahrens Meaningful Occupation Assessment, das u.a. in der Stress- und Burnout-Pr\u00e4vention (REHA-Klinik Klagenfurt) Verwendung findet.<\/p>\n<p><strong>Sachbuchautor:<\/strong><\/p>\n<ul>\n<li>Psychotherapie in der Arbeitswelt (2003, Springer Verlag).<\/li>\n<li>Betriebliche Gesundheitsf\u00f6rderung als Personal- und Organisationsentwicklung. (2003, Fonds Gesundes \u00d6sterreich).<\/li>\n<li>Mit Sinn und Werten f\u00fchren (Hrsg., 2005, LIT-Verlag).<\/li>\n<li>Die kollektiven Neurosen im Management \u2013 Viktor E. Frankl<br \/>\n        . Wege aus der Sinnkrise in der Chefetage. (2007, Linde-Verlag).<\/li>\n<\/ul>\n<p><a href=\"https:\/\/de.wikipedia.org\/wiki\/Helmut_Graf\"><strong>Helmut Graf &#8211; Eintrag: Wikipedia<\/strong><\/a>[\/vc_column_text][\/vc_column][\/vc_row]<\/p>\n","protected":false},"excerpt":{"rendered":"<p>[vc_row][vc_column][vc_column_text] Jahrgang 1954, Mag. Mag. phil., Dr. phil., P\u00e4dagogik und Psychologie. Psychotherapeut, Arbeits- und Gesundheitspsychologe, Klinischer Psychologe und Gesch\u00e4ftsf\u00fchrer der logo consult Unternehmensberatung GmbH. Schwerpunktt\u00e4tigkeiten: Arbeitspsychologisches Pers\u00f6nlichkeitscoaching von F\u00fchrungspersonen in Sinnkrisen und betriebliche Stress- und Burnout-Pr\u00e4vention. Der Sachbuchautor ist Entwickler &hellip;<\/p>\n","protected":false},"author":4,"featured_media":0,"parent":2223,"menu_order":1,"comment_status":"closed","ping_status":"closed","template":"","meta":[],"_links":{"self":[{"href":"https:\/\/www.logoconsult.at\/wp\/wp-json\/wp\/v2\/pages\/2904"}],"collection":[{"href":"https:\/\/www.logoconsult.at\/wp\/wp-json\/wp\/v2\/pages"}],"about":[{"href":"https:\/\/www.logoconsult.at\/wp\/wp-json\/wp\/v2\/types\/page"}],"author":[{"embeddable":true,"href":"https:\/\/www.logoconsult.at\/wp\/wp-json\/wp\/v2\/users\/4"}],"replies":[{"embeddable":true,"href":"https:\/\/www.logoconsult.at\/wp\/wp-json\/wp\/v2\/comments?post=2904"}],"version-history":[{"count":9,"href":"https:\/\/www.logoconsult.at\/wp\/wp-json\/wp\/v2\/pages\/2904\/revisions"}],"predecessor-version":[{"id":4466,"href":"https:\/\/www.logoconsult.at\/wp\/wp-json\/wp\/v2\/pages\/2904\/revisions\/4466"}],"up":[{"embeddable":true,"href":"https:\/\/www.logoconsult.at\/wp\/wp-json\/wp\/v2\/pages\/2223"}],"wp:attachment":[{"href":"https:\/\/www.logoconsult.at\/wp\/wp-json\/wp\/v2\/media?parent=2904"}],"curies":[{"name":"wp","href":"https:\/\/api.w.org\/{rel}","templated":true}]}}