{"id":2479,"date":"2016-07-21T15:04:48","date_gmt":"2016-07-21T13:04:48","guid":{"rendered":"http:\/\/oz001hob.edis.at\/wp\/?page_id=2479"},"modified":"2020-01-29T17:05:03","modified_gmt":"2020-01-29T16:05:03","slug":"ad-was-ist-logotherapie-und-existenzanalyse","status":"publish","type":"page","link":"https:\/\/www.logoconsult.at\/wp\/viktor-e-frankl-logotherapie-und-existenzanalyse\/ad-was-ist-logotherapie-und-existenzanalyse\/","title":{"rendered":"Was ist Logotherapie und Existenzanalyse"},"content":{"rendered":"<p>[vc_row][vc_column]<h1 class='heading-left  divider-sm'  style='color: #dd3333'><span>Was ist Logotherapie und Existenzanalyse<\/span><\/h1>[vc_column_text]<\/p>\n<p>&nbsp;<\/p>\n<p>Textautor: Alexander Batthyany<\/p>\n<p>&nbsp;<\/p>\n<p>Ausgehend von der Psychoanalyse Sigmund Freuds und der Individualpsychologie Alfred Adlers entwickelte der Psychiater und Neurologe Viktor Emil Frankl (1905\u20131997) in den fr\u00fchen Drei\u00dfiger Jahren einen eigenst\u00e4ndigen Ansatz, f\u00fcr den er den Doppelbegriff \u201eLogotherapie und Existenzanalyse\u201c pr\u00e4gte<\/p>\n<p>&nbsp;<\/p>\n<p>Logotherapie und Existenzanalyse, auch \u201eDritte Wiener Richtung der Psychotherapie\u201c genannt, ist eine international anerkannte, empirisch untermauerte sinnzentrierte Psychotherapierichtung.<\/p>\n<p>&nbsp;<\/p>\n<p>Frankls Konzept leitet sich aus drei philosophischen und psychologischen Grundgedanken ab:<\/p>\n<ul>\n<li>Freiheit des Willens<\/li>\n<li>Wille zum Sinn, und<\/li>\n<li>Sinn im Leben<\/li>\n<\/ul>\n<p>&nbsp;<\/p>\n<p><strong>Freiheit des Willens<\/strong><\/p>\n<p>&nbsp;<\/p>\n<p>Die Logotherapie\/Existenzanalyse sieht den Menschen als nicht nur bedingtes, sondern auch als grunds\u00e4tzlich entscheidungs- und willensfreies Wesen, das bef\u00e4higt ist, zu inneren (psychischen) und \u00e4u\u00dferen (biologischen und sozialen) Bedingungen eigenverantwortlich Stellung zu nehmen. Die Freiheit des Menschen ist dabei definiert als der Gestaltungsfreiraum des eigenen Lebens im Rahmen der jeweils gegebenen M\u00f6glichkeiten. Diese Freiheit ist begr\u00fcndet in der geistigen Dimension des Menschen, die neben K\u00f6rper und Psyche seine eigentliche Personalit\u00e4t und W\u00fcrde ausmacht. Als geistige Person ist der Mensch nicht mehr nur reagierendes oder abreagierendes, sondern auch agierendes, gestaltendes Wesen.<\/p>\n<p>&nbsp;<\/p>\n<p>Die Freiheit des Menschen spielt auch in der angewandten Psychotherapie eine entscheidende Rolle, insofern sie dem Patienten Freir\u00e4ume gegen\u00fcber der somatischen oder psychischen Erkrankung aufschlie\u00dft, bzw. im Rahmen der von Frankl entwickelten Techniken der Paradoxen Intention, der Dereflexion und der Einstellungs\u00e4nderung durch die Differenzierung von Symptom und Person dem Patienten einen Gro\u00dfteil seiner Selbstbestimmungsf\u00e4higkeit zur\u00fcckgibt<\/p>\n<p>&nbsp;<\/p>\n<p>&nbsp;<\/p>\n<p>&nbsp;<\/p>\n<p><strong>Wille zum Sinn<\/strong><\/p>\n<p>&nbsp;<\/p>\n<p>Der Mensch ist nicht nur frei, sondern in erster Linie frei auf etwas hin. Seine Gestaltungsf\u00e4higkeit sucht nach Ausdrucksm\u00f6glichkeiten in sich und der Welt. Logotherapie und Existenzanalyse betrachten die Suche nach Sinn als Grundmotivation des Menschen. Kann der Mensch seinen &#8220;Willen zum Sinn&#8221; in der Lebenspraxis nicht zur Geltung bringen, so entstehen bedr\u00fcckende Sinn- und Wertlosigkeitsgef\u00fchle. Die existentielle Frustrierung des Sinnbed\u00fcrfnisses kann zu Aggressionen, Sucht, Depressionen, Verzweiflung und Lebensm\u00fcdigkeit f\u00fchren und auch psychosomatische Krankheiten und neurotische St\u00f6rungen ausl\u00f6sen oder verst\u00e4rken.<\/p>\n<p>&nbsp;<\/p>\n<p>Die Logotherapie\/Existenzanalyse (LTEA) hilft dem Patienten, Hemmungen und Blockaden, die ihn im Prozess seiner Sinnsuche behindern, zu erkennen, aufzuheben oder zu bew\u00e4ltigen. Sie sensibilisiert ihn f\u00fcr die Wahrnehmung von Sinnm\u00f6glichkeiten; dabei macht die LTEA dem Menschen keine Sinnangebote; sie unterst\u00fctzt ihn vielmehr bei der Verwirklichung der von ihm selbst entdeckten Sinnm\u00f6glichkeiten.<\/p>\n<p>&nbsp;<\/p>\n<p>&nbsp;<\/p>\n<p><strong>Sinn im Leben<\/strong><\/p>\n<p><strong>\u00a0<\/strong><\/p>\n<p>Die LTEA ist von dem Gedanken getragen, dass Sinn eine Wirklichkeit in der Welt ist und nicht nur im Auge des Betrachters liegt. Demnach ist der Mensch durch seine Willensfreiheit und Verantwortungsf\u00e4higkeit aufgerufen, das Bestm\u00f6gliche in sich und der Welt zur Geltung zu bringen, indem er in jeder Situation den Sinn des Augenblicks erkennt und verwirklicht. Wesentlich ist hier auch, dass das Sinnangebot des Augenblicks, obwohl objektiv gegeben, situations- und personengebunden ist und als solches einem fortw\u00e4hrenden Wandel unterliegt<br \/>\n. Die LTEA offeriert daher keinen allgemeinen Lebenssinn, sondern verhilft dem Patienten zu jener Offenheit und Flexibilit\u00e4t, die Voraussetzung f\u00fcr eine sinnvolle Gestaltung seines Alltags ist. Denn in jeder Situation warten auf jeden Menschen jeweils andere Sinnm\u00f6glichkeiten darauf, von ihm erkannt und verwirklicht zu werden[\/vc_column_text][\/vc_column][\/vc_row]<\/p>\n","protected":false},"excerpt":{"rendered":"<p>[vc_row][vc_column][vc_column_text] &nbsp; Textautor: Alexander Batthyany &nbsp; Ausgehend von der Psychoanalyse Sigmund Freuds und der Individualpsychologie Alfred Adlers entwickelte der Psychiater und Neurologe Viktor Emil Frankl (1905\u20131997) in den fr\u00fchen Drei\u00dfiger Jahren einen eigenst\u00e4ndigen Ansatz, f\u00fcr den er den Doppelbegriff \u201eLogotherapie &hellip;<\/p>\n","protected":false},"author":4,"featured_media":0,"parent":2225,"menu_order":0,"comment_status":"closed","ping_status":"closed","template":"","meta":[],"_links":{"self":[{"href":"https:\/\/www.logoconsult.at\/wp\/wp-json\/wp\/v2\/pages\/2479"}],"collection":[{"href":"https:\/\/www.logoconsult.at\/wp\/wp-json\/wp\/v2\/pages"}],"about":[{"href":"https:\/\/www.logoconsult.at\/wp\/wp-json\/wp\/v2\/types\/page"}],"author":[{"embeddable":true,"href":"https:\/\/www.logoconsult.at\/wp\/wp-json\/wp\/v2\/users\/4"}],"replies":[{"embeddable":true,"href":"https:\/\/www.logoconsult.at\/wp\/wp-json\/wp\/v2\/comments?post=2479"}],"version-history":[{"count":9,"href":"https:\/\/www.logoconsult.at\/wp\/wp-json\/wp\/v2\/pages\/2479\/revisions"}],"predecessor-version":[{"id":4462,"href":"https:\/\/www.logoconsult.at\/wp\/wp-json\/wp\/v2\/pages\/2479\/revisions\/4462"}],"up":[{"embeddable":true,"href":"https:\/\/www.logoconsult.at\/wp\/wp-json\/wp\/v2\/pages\/2225"}],"wp:attachment":[{"href":"https:\/\/www.logoconsult.at\/wp\/wp-json\/wp\/v2\/media?parent=2479"}],"curies":[{"name":"wp","href":"https:\/\/api.w.org\/{rel}","templated":true}]}}