{"id":2477,"date":"2016-07-21T14:53:12","date_gmt":"2016-07-21T12:53:12","guid":{"rendered":"http:\/\/oz001hob.edis.at\/wp\/?page_id=2477"},"modified":"2020-01-29T16:49:45","modified_gmt":"2020-01-29T15:49:45","slug":"biographie","status":"publish","type":"page","link":"https:\/\/www.logoconsult.at\/wp\/viktor-e-frankl-logotherapie-und-existenzanalyse\/biographie\/","title":{"rendered":"Biographie"},"content":{"rendered":"<p>[vc_row][vc_column]<h1 class='heading-left  divider-sm'  style='color: #dd3333'><span>Biographie<\/span><\/h1><h2 class='heading-left  style-1' ><span>VIKTOR E. FRANKL <\/span><\/h2>[vc_column_text]V. Frankl war Professor f\u00fcr Neurologie und Psychiatrie an der Universit\u00e4t Wien, hatte aber auch Professuren an der Harvard University sowie an Universit\u00e4ten in Dallas und Pittsburgh inne. Die U.S. International University (sp\u00e4ter Alliant University) in Kalifornien errichtete eigens f\u00fcr ihn eine Professur f\u00fcr Logotherapie &#8211; das ist die von Frankl geschaffene Psychotherapierichtung, auch die &#8220;Dritte Wiener Richtung&#8221; genannt (nach der Psychoanalyse von Sigmund Freud und der Individualpsychologie von Alfred Adler). Von Universit\u00e4ten in aller Welt wurden ihm 29 Ehrendoktorate verliehen.<\/p>\n<p>&nbsp;<\/p>\n<p>Die Amerikanische Psychiatriegesellschaft verlieh Frankl als erstem nicht-amerikanischen Psychiater den Oskar Pfister-Preis &#8211; benannt nach einem Sch\u00fcler von Sigmund Freud -, und die \u00d6sterreichische Akademie der Wissenschaften w\u00e4hlte ihn zu ihrem Ehrenmitglied.<\/p>\n<p>&nbsp;<\/p>\n<p>Seine 39 B\u00fccher sind bisher (2015) in 45 Sprachen erschienen. Von einem einzigen unter diesen B\u00fcchern, &#8220;Man&#8217;s Search for Meaning&#8221;, waren bis 1997 weit \u00fcber neun Millionen Exemplare erschienen. Laut Library of Congress (Washington) ist es &#8220;one of the ten most influential books in America&#8221;. Und die Leser der japanischen Tageszeitung &#8220;Yomiuri Shimbun&#8221; w\u00e4hlten &#8220;Man&#8217;s Search for Meaning&#8221; als &#8220;one of the ten books to be passed to the twenty-first century&#8221; (Yomiuri Shimbun, Tokyo, 2000\/11\/30). Auf Deutsch ist das Buch erh\u00e4ltlich unter dem Titel &#8220;&#8230; trotzdem Ja zum Leben sagen (Ein Psychologe erlebt das Konzentrationslager)&#8221;.<\/p>\n<p>&nbsp;<\/p>\n<p>Dar\u00fcber hinaus sei von seinen deutsch erschienenen B\u00fcchern erw\u00e4hnt \u201eDer Mensch vor der Frage nach dem Sinn (Eine Auswahl aus dem Gesamtwerk)&#8221;. Die letzten beiden B\u00fccher, deren Ver\u00f6ffentlichung er noch erlebte, sind \u201eWas nicht in meinen B\u00fcchern steht&#8221; (engl. &#8220;Viktor Frankl &#8211; Recollections&#8221;) und &#8220;Man&#8217;s Search for Ultimate Meaning&#8221;.<\/p>\n<p>&nbsp;<\/p>\n<p>Frankl wurde zu Vortr\u00e4gen an 209 Universit\u00e4ten in allen 5 Erdteilen eingeladen.<\/p>\n<p>&nbsp;<\/p>\n<p>1940 bis 1942 war Frankl Leiter der Neurologischen Station des Rothschild-Spitals und 1946 bis 1970 Vorstand der Wiener Neurologischen Poliklinik.<\/p>\n<p>&nbsp;<\/p>\n<p>1995 wurde Frankl zum Ehrenb\u00fcrger der Stadt Wien ernannt<br \/>\n.<\/p>\n<p>&nbsp;<\/p>\n<p>Frankl war Inhaber des Solo Flight Certificate und des Bergf\u00fchrer-Abzeichens des Alpenvereins Donauland. Drei schwierige Klettersteige (Rax und Peilstein) wurden nach ihm benannt.<\/p>\n<p>&nbsp;<\/p>\n<p>Textquelle: Viktor Frankl Institut, Wien[\/vc_column_text][\/vc_column][\/vc_row]<\/p>\n","protected":false},"excerpt":{"rendered":"<p>[vc_row][vc_column][vc_column_text]V. Frankl war Professor f\u00fcr Neurologie und Psychiatrie an der Universit\u00e4t Wien, hatte aber auch Professuren an der Harvard University sowie an Universit\u00e4ten in Dallas und Pittsburgh inne. Die U.S. International University (sp\u00e4ter Alliant University) in Kalifornien errichtete eigens f\u00fcr &hellip;<\/p>\n","protected":false},"author":4,"featured_media":0,"parent":2225,"menu_order":0,"comment_status":"closed","ping_status":"closed","template":"","meta":[],"_links":{"self":[{"href":"https:\/\/www.logoconsult.at\/wp\/wp-json\/wp\/v2\/pages\/2477"}],"collection":[{"href":"https:\/\/www.logoconsult.at\/wp\/wp-json\/wp\/v2\/pages"}],"about":[{"href":"https:\/\/www.logoconsult.at\/wp\/wp-json\/wp\/v2\/types\/page"}],"author":[{"embeddable":true,"href":"https:\/\/www.logoconsult.at\/wp\/wp-json\/wp\/v2\/users\/4"}],"replies":[{"embeddable":true,"href":"https:\/\/www.logoconsult.at\/wp\/wp-json\/wp\/v2\/comments?post=2477"}],"version-history":[{"count":5,"href":"https:\/\/www.logoconsult.at\/wp\/wp-json\/wp\/v2\/pages\/2477\/revisions"}],"predecessor-version":[{"id":4432,"href":"https:\/\/www.logoconsult.at\/wp\/wp-json\/wp\/v2\/pages\/2477\/revisions\/4432"}],"up":[{"embeddable":true,"href":"https:\/\/www.logoconsult.at\/wp\/wp-json\/wp\/v2\/pages\/2225"}],"wp:attachment":[{"href":"https:\/\/www.logoconsult.at\/wp\/wp-json\/wp\/v2\/media?parent=2477"}],"curies":[{"name":"wp","href":"https:\/\/api.w.org\/{rel}","templated":true}]}}