{"id":2316,"date":"2016-07-20T14:03:25","date_gmt":"2016-07-20T12:03:25","guid":{"rendered":"http:\/\/oz001hob.edis.at\/wp\/?page_id=2316"},"modified":"2023-08-21T19:20:42","modified_gmt":"2023-08-21T17:20:42","slug":"impressum","status":"publish","type":"page","link":"https:\/\/www.logoconsult.at\/wp\/impressum\/","title":{"rendered":"Impressum"},"content":{"rendered":"<h1><strong>logo consult KG<\/strong><\/h1>\n<p>Rosenweg 8<br \/>\nA-9232 Rosegg<\/p>\n<p>Tel: +43 676 \/ 422 94 74<br \/>\nE-Mail: <a href=\"mailto:office@logoconsult.at\">office@logoconsult.at<\/a><\/p>\n<p>FN 153893 p LG Klagenfurt<br \/>\nUID: ATU47745702<br \/>\nDVR 0892050<\/p>\n<p>&nbsp;<\/p>\n<h1>Aufsichtsbeh\u00f6rde:<\/h1>\n<p>Bundesministerium f\u00fcr Gesundheit und Frauen<br \/>\nRadetzkystra\u00dfe 2 &#8211; 1030 Wien &#8211; T +43-1\/711 00-0<br \/>\nMinoritenplatz 3 &#8211; 1010 Wien &#8211; T +43-1\/531 20-0<\/p>\n<p>&nbsp;<\/p>\n<h1>Eintragungsnummer: BM Soziales, Gesundheit, Pflege und Konsumentenschutz<\/h1>\n<p>Gesundheitspsychologe 8241 \/ Eintragung am: 05.05.2011<br \/>\nKlinischer Psychologe 827 \/ Eintragung am: 05.05.2011<br \/>\nPsychotherapeut 5234 \/ Eintragung am: 22.06.1999<\/p>\n","protected":false},"excerpt":{"rendered":"<p>logo consult KG Rosenweg 8 A-9232 Rosegg Tel: +43 676 \/ 422 94 74 E-Mail: office@logoconsult.at FN 153893 p LG Klagenfurt UID: ATU47745702 DVR 0892050 &nbsp; Aufsichtsbeh\u00f6rde: Bundesministerium f\u00fcr Gesundheit und Frauen Radetzkystra\u00dfe 2 &#8211; 1030 Wien &#8211; T +43-1\/711 &hellip;<\/p>\n","protected":false},"author":4,"featured_media":0,"parent":0,"menu_order":99,"comment_status":"closed","ping_status":"closed","template":"","meta":[],"_links":{"self":[{"href":"https:\/\/www.logoconsult.at\/wp\/wp-json\/wp\/v2\/pages\/2316"}],"collection":[{"href":"https:\/\/www.logoconsult.at\/wp\/wp-json\/wp\/v2\/pages"}],"about":[{"href":"https:\/\/www.logoconsult.at\/wp\/wp-json\/wp\/v2\/types\/page"}],"author":[{"embeddable":true,"href":"https:\/\/www.logoconsult.at\/wp\/wp-json\/wp\/v2\/users\/4"}],"replies":[{"embeddable":true,"href":"https:\/\/www.logoconsult.at\/wp\/wp-json\/wp\/v2\/comments?post=2316"}],"version-history":[{"count":15,"href":"https:\/\/www.logoconsult.at\/wp\/wp-json\/wp\/v2\/pages\/2316\/revisions"}],"predecessor-version":[{"id":4681,"href":"https:\/\/www.logoconsult.at\/wp\/wp-json\/wp\/v2\/pages\/2316\/revisions\/4681"}],"wp:attachment":[{"href":"https:\/\/www.logoconsult.at\/wp\/wp-json\/wp\/v2\/media?parent=2316"}],"curies":[{"name":"wp","href":"https:\/\/api.w.org\/{rel}","templated":true}]}}