{"id":2299,"date":"2016-07-20T13:25:57","date_gmt":"2016-07-20T11:25:57","guid":{"rendered":"http:\/\/oz001hob.edis.at\/wp\/?page_id=2299"},"modified":"2020-01-29T16:57:12","modified_gmt":"2020-01-29T15:57:12","slug":"persoenlichkeits-coaching","status":"publish","type":"page","link":"https:\/\/www.logoconsult.at\/wp\/termine\/persoenlichkeits-coaching\/","title":{"rendered":"PERS\u00d6NLICHKEITS-COACHING"},"content":{"rendered":"<p>[vc_row][vc_column]<h1 class='heading-left  divider-sm' ><span>PERS\u00d6NLICHKEITS-COACHING<\/span><\/h1>[vc_column_text]<\/p>\n<p>Es gibt Situationen, in denen es vorteilhaft ist, als Einzelperson Unterst\u00fctzung und Begleitung zu erhalten. Dabei wird der Schwerpunkt in Einzelgespr\u00e4chen auf ein konkretes Thema gerichtet.<\/p>\n<p>&nbsp;<\/p>\n<p>Unbewusste Konflikte, blockierende Gef\u00fchle im Hier und Jetzt werden beleuchtet, Ressourcen aktiviert.<\/p>\n<p>&nbsp;<\/p>\n<p>Neues entsteht, ohne dass Bew\u00e4hrtes aufgegeben wird.[\/vc_column_text]<a id='button-id-' target='_self' href='http:\/\/www.logoconsult.at\/wp\/termine\/persoenlichkeits-coaching\/kontaktaufnahme\/' class='btn btn-normal btn-sm' style='background-color: #000099'>Kontaktaufnahme<\/a>[\/vc_column][\/vc_row]<\/p>\n","protected":false},"excerpt":{"rendered":"<p>[vc_row][vc_column][vc_column_text] Es gibt Situationen, in denen es vorteilhaft ist, als Einzelperson Unterst\u00fctzung und Begleitung zu erhalten. Dabei wird der Schwerpunkt in Einzelgespr\u00e4chen auf ein konkretes Thema gerichtet. &nbsp; Unbewusste Konflikte, blockierende Gef\u00fchle im Hier und Jetzt werden beleuchtet, Ressourcen aktiviert. &hellip;<\/p>\n","protected":false},"author":4,"featured_media":0,"parent":17,"menu_order":0,"comment_status":"closed","ping_status":"closed","template":"","meta":[],"_links":{"self":[{"href":"https:\/\/www.logoconsult.at\/wp\/wp-json\/wp\/v2\/pages\/2299"}],"collection":[{"href":"https:\/\/www.logoconsult.at\/wp\/wp-json\/wp\/v2\/pages"}],"about":[{"href":"https:\/\/www.logoconsult.at\/wp\/wp-json\/wp\/v2\/types\/page"}],"author":[{"embeddable":true,"href":"https:\/\/www.logoconsult.at\/wp\/wp-json\/wp\/v2\/users\/4"}],"replies":[{"embeddable":true,"href":"https:\/\/www.logoconsult.at\/wp\/wp-json\/wp\/v2\/comments?post=2299"}],"version-history":[{"count":8,"href":"https:\/\/www.logoconsult.at\/wp\/wp-json\/wp\/v2\/pages\/2299\/revisions"}],"predecessor-version":[{"id":4396,"href":"https:\/\/www.logoconsult.at\/wp\/wp-json\/wp\/v2\/pages\/2299\/revisions\/4396"}],"up":[{"embeddable":true,"href":"https:\/\/www.logoconsult.at\/wp\/wp-json\/wp\/v2\/pages\/17"}],"wp:attachment":[{"href":"https:\/\/www.logoconsult.at\/wp\/wp-json\/wp\/v2\/media?parent=2299"}],"curies":[{"name":"wp","href":"https:\/\/api.w.org\/{rel}","templated":true}]}}