{"id":2297,"date":"2016-07-20T13:23:35","date_gmt":"2016-07-20T11:23:35","guid":{"rendered":"http:\/\/oz001hob.edis.at\/wp\/?page_id=2297"},"modified":"2021-11-08T19:50:50","modified_gmt":"2021-11-08T18:50:50","slug":"vortraege","status":"publish","type":"page","link":"https:\/\/www.logoconsult.at\/wp\/termine\/vortraege\/","title":{"rendered":"VORTR\u00c4GE"},"content":{"rendered":"<p>[vc_row][vc_column][vc_column_text]<br \/>\n[\/vc_column_text][\/vc_column][\/vc_row][vc_row][vc_column width=&#8221;1\/4&#8243;][vc_single_image image=&#8221;4664&#8243; img_size=&#8221;full&#8221; alignment=&#8221;center&#8221; css=&#8221;.vc_custom_1636397395898{border-top-width: 1px !important;border-right-width: 1px !important;border-bottom-width: 1px !important;border-left-width: 1px !important;border-left-color: #333333 !important;border-left-style: solid !important;border-right-color: #333333 !important;border-right-style: solid !important;border-top-color: #333333 !important;border-top-style: solid !important;border-bottom-color: #333333 !important;border-bottom-style: solid !important;}&#8221;][\/vc_column][vc_column width=&#8221;1\/4&#8243;][vc_column_text]<strong>Gesundheit &amp; Umwelt: Unser Auftrag in der digitalen Transformation<\/strong><\/p>\n<p>Tag der Umwelt- und Abfallbeauftragten<br \/>\nEine Kooperation von Stadt Wien-Umweltschutz und T\u00dcV AUSTRIA Akademie[\/vc_column_text]<a id='button-id-' target='_blank' href='https:\/\/www.logoconsult.at\/wp\/wp-content\/uploads\/2021\/11\/02-Graf-Version-Online-Kursmappe.pdf' class='btn btn-normal btn-md' style=''>Weitere<br \/>\nInformationen<\/a>[\/vc_column][vc_column width=&#8221;1\/4&#8243;][\/vc_column][vc_column width=&#8221;1\/4&#8243;][\/vc_column][\/vc_row][vc_row][vc_column width=&#8221;1\/4&#8243;][vc_single_image image=&#8221;4656&#8243; img_size=&#8221;full&#8221; alignment=&#8221;center&#8221; css=&#8221;.vc_custom_1634664868200{border-top-width: 1px !important;border-right-width: 1px !important;border-bottom-width: 1px !important;border-left-width: 1px !important;border-left-color: #333333 !important;border-left-style: solid !important;border-right-color: #333333 !important;border-right-style: solid !important;border-top-color: #333333 !important;border-top-style: solid !important;border-bottom-color: #333333 !important;border-bottom-style: solid !important;}&#8221;][\/vc_column][vc_column width=&#8221;1\/4&#8243;][vc_column_text]<strong>Sinnzentrierte Interventionen im Kontext prek\u00e4rer psychischer Belastung und Beanspruchung und deren Evaluierung mittels psychometrischer Testverfahren<\/strong><\/p>\n<p>Berufsverband \u00d6sterreichischer<br \/>\nPsychologInnen | B\u00d6P[\/vc_column_text]<a id='button-id-1' target='_blank' href='https:\/\/www.logoconsult.at\/wp\/wp-content\/uploads\/2021\/10\/Graf-Helmut-BOeP-Vortrag-18-10-2021.pdf' class='btn btn-normal btn-md' style=''>Weitere<br \/>\nInformationen<\/a>[\/vc_column][vc_column width=&#8221;1\/4&#8243;][\/vc_column][vc_column width=&#8221;1\/4&#8243;][\/vc_column][\/vc_row][vc_row][vc_column width=&#8221;1\/4&#8243;][vc_single_image image=&#8221;4328&#8243; img_size=&#8221;full&#8221; alignment=&#8221;center&#8221; css=&#8221;.vc_custom_1575382677201{border-top-width: 1px !important;border-right-width: 1px !important;border-bottom-width: 1px !important;border-left-width: 1px !important;border-left-color: #333333 !important;border-left-style: solid !important;border-right-color: #333333 !important;border-right-style: solid !important;border-top-color: #333333 !important;border-top-style: solid !important;border-bottom-color: #333333 !important;border-bottom-style: solid !important;}&#8221;][\/vc_column][vc_column width=&#8221;1\/4&#8243;][vc_column_text]<strong>Effizienzsteigerung durch sinnorientiertes Gesundheitsmanagement.<\/strong><\/p>\n<p>Die notwendige Grundlage f\u00fcr eine digitalisierte Wirtschaft 4.0<br \/>\n.<\/p>\n<p>17. \u00d6sterreichischer IT-Beratertag, Wien[\/vc_column_text]<a id='button-id-2' target='_blank' href='https:\/\/www.logoconsult.at\/wp\/wp-content\/uploads\/2019\/12\/PP-Beratertag.pdf' class='btn btn-normal btn-md' style=''>Weitere<br \/>\nInformationen<\/a>[\/vc_column][vc_column width=&#8221;1\/4&#8243;][\/vc_column][vc_column width=&#8221;1\/4&#8243;][\/vc_column][\/vc_row][vc_row][vc_column][vc_empty_space][\/vc_column][\/vc_row][vc_row][vc_column width=&#8221;1\/4&#8243;][vc_single_image image=&#8221;4330&#8243; img_size=&#8221;full&#8221; alignment=&#8221;center&#8221; css=&#8221;.vc_custom_1575382538702{border-top-width: 1px !important;border-right-width: 1px !important;border-bottom-width: 1px !important;border-left-width: 1px !important;border-left-color: #333333 !important;border-left-style: solid !important;border-right-color: #333333 !important;border-right-style: solid !important;border-top-color: #333333 !important;border-top-style: solid !important;border-bottom-color: #333333 !important;border-bottom-style: solid !important;}&#8221;][\/vc_column][vc_column width=&#8221;1\/4&#8243;][vc_column_text]<strong>Burnout stresst das Immunsystem<\/strong><\/p>\n<p>Das Immunsystem und das Sinnerleben als wichtige Ressourcen bei einem Burnout-Prozess<\/p>\n<p>[\/vc_column_text]<a id='button-id-3' target='_blank' href='https:\/\/www.logoconsult.at\/wp\/wp-content\/uploads\/2019\/12\/Burnout-stresst-das-Immunsystem.pdf' class='btn btn-normal btn-md' style=''>Weitere<br \/>\nInformationen<\/a>[\/vc_column][vc_column width=&#8221;1\/4&#8243;][\/vc_column][vc_column width=&#8221;1\/4&#8243;][\/vc_column][\/vc_row][vc_row][vc_column width=&#8221;1\/4&#8243;][vc_single_image image=&#8221;4181&#8243; img_size=&#8221;full&#8221; css=&#8221;.vc_custom_1548164219500{border-top-width: 1px !important;border-right-width: 1px !important;border-bottom-width: 1px !important;border-left-width: 1px !important;border-left-color: #333333 !important;border-left-style: solid !important;border-right-color: #333333 !important;border-right-style: solid !important;border-top-color: #333333 !important;border-top-style: solid !important;border-bottom-color: #333333 !important;border-bottom-style: solid !important;}&#8221;][\/vc_column][vc_column width=&#8221;1\/4&#8243;][vc_column_text]<strong>Sinnvoll leben<\/strong><\/p>\n<p>Die Bedeutung der Sinnfrage f\u00fcr ein gesundes Leben.<br \/>\nVom Sinnlosigkeitsgef\u00fchl unserer Zeit und wie man Depressionen vermeiden kann.[\/vc_column_text]<a id='button-id-4' target='_blank' href='https:\/\/www.logoconsult.at\/wp\/wp-content\/uploads\/2019\/01\/Die-Bedeutung-der-Sinnfrage-f\u00fcr-ein-gesundes-Leben.pdf' class='btn btn-normal btn-md' style=''>Weitere<br \/>\nInformationen<\/a>[\/vc_column][vc_column width=&#8221;1\/4&#8243;][\/vc_column][vc_column width=&#8221;1\/4&#8243;][\/vc_column][\/vc_row][vc_row][vc_column width=&#8221;1\/4&#8243;][vc_single_image image=&#8221;4179&#8243; img_size=&#8221;full&#8221; css=&#8221;.vc_custom_1548164233163{border-top-width: 1px !important;border-right-width: 1px !important;border-bottom-width: 1px !important;border-left-width: 1px !important;border-left-color: #333333 !important;border-left-style: solid !important;border-right-color: #333333 !important;border-right-style: solid !important;border-top-color: #333333 !important;border-top-style: solid !important;border-bottom-color: #333333 !important;border-bottom-style: solid !important;}&#8221;][\/vc_column][vc_column width=&#8221;1\/4&#8243;][vc_column_text]<strong>Psychotherapie in der Arbeitswelt<\/strong><\/p>\n<p>19. Vierwaldst\u00e4tter Psychiatrietag<br \/>\n24. 1. 2019<br \/>\nGrand Casino Luzern \u2013 Schweiz<\/p>\n<p>Vortrag:<br \/>\nPsychotherapie in der Arbeitswelt[\/vc_column_text]<a id='button-id-5' target='_blank' href='https:\/\/www.logoconsult.at\/wp\/wp-content\/uploads\/2019\/01\/Psychotherapie-in-der-Arbeitswelt.pdf' class='btn btn-normal btn-md' style=''>Weitere<br \/>\nInformationen<\/a>[\/vc_column][vc_column width=&#8221;1\/4&#8243;][\/vc_column][vc_column width=&#8221;1\/4&#8243;][\/vc_column][\/vc_row][vc_row][vc_column width=&#8221;1\/4&#8243;][vc_single_image image=&#8221;4176&#8243; img_size=&#8221;full&#8221; css=&#8221;.vc_custom_1548160733361{border-top-width: 1px !important;border-right-width: 1px !important;border-bottom-width: 1px !important;border-left-width: 1px !important;border-left-color: #333333 !important;border-left-style: solid !important;border-right-color: #333333 !important;border-right-style: solid !important;border-top-color: #333333 !important;border-top-style: solid !important;border-bottom-color: #333333 !important;border-bottom-style: solid !important;}&#8221;][\/vc_column][vc_column width=&#8221;1\/4&#8243;][vc_column_text]<strong>Betriebliches Gesundheitsmanagement<\/strong><br \/>\n<strong>Psychotherapie in der Arbeitswelt<\/strong><\/p>\n<p><strong>Praxisbericht<\/strong>[\/vc_column_text]<a id='button-id-6' target='_blank' href='https:\/\/www.logoconsult.at\/wp\/wp-content\/uploads\/2019\/01\/BGM-Praxisbericht-logo-consult-und-SWICA.pdf' class='btn btn-normal btn-md' style=''>Weitere<br \/>\nInformationen<\/a>[\/vc_column][vc_column width=&#8221;1\/4&#8243;][\/vc_column][vc_column width=&#8221;1\/4&#8243;][\/vc_column][\/vc_row][vc_row][vc_column width=&#8221;1\/4&#8243;][vc_single_image image=&#8221;4010&#8243; img_size=&#8221;full&#8221; css=&#8221;.vc_custom_1521449127813{border-top-width: 1px !important;border-right-width: 1px !important;border-bottom-width: 1px !important;border-left-width: 1px !important;border-left-color: #333333 !important;border-left-style: solid !important;border-right-color: #333333 !important;border-right-style: solid !important;border-top-color: #333333 !important;border-top-style: solid !important;border-bottom-color: #333333 !important;border-bottom-style: solid !important;}&#8221;][\/vc_column][vc_column width=&#8221;1\/4&#8243;][vc_column_text]<strong>Wozu arbeiten wir?<\/strong><\/p>\n<p>Die Bedeutung der Sinnfrage f\u00fcr gesundes F\u00fchren. Vom krankmachenden Zeitgeist in der Arbeitswelt und wie man ihn \u00fcberwindet.[\/vc_column_text]<a id='button-id-7' target='_blank' href='https:\/\/www.yumpu.com\/de\/document\/view\/59902953\/sinnfrage-und-gesundes-fuhren' class='btn btn-normal btn-md' style=''>Weitere<br \/>\nInformationen<\/a>[\/vc_column][vc_column width=&#8221;1\/4&#8243;][\/vc_column][vc_column width=&#8221;1\/4&#8243;][\/vc_column][\/vc_row][vc_row][vc_column][vc_column_text]<br \/>\n[\/vc_column_text][\/vc_column][\/vc_row]<\/p>\n","protected":false},"excerpt":{"rendered":"<p>[vc_row][vc_column][vc_column_text] [\/vc_column_text][\/vc_column][\/vc_row][vc_row][vc_column width=&#8221;1\/4&#8243;][vc_single_image image=&#8221;4664&#8243; img_size=&#8221;full&#8221; alignment=&#8221;center&#8221; css=&#8221;.vc_custom_1636397395898{border-top-width: 1px !important;border-right-width: 1px !important;border-bottom-width: 1px !important;border-left-width: 1px !important;border-left-color: #333333 !important;border-left-style: solid !important;border-right-color: #333333 !important;border-right-style: solid !important;border-top-color: #333333 !important;border-top-style: solid !important;border-bottom-color: #333333 !important;border-bottom-style: solid !important;}&#8221;][\/vc_column][vc_column width=&#8221;1\/4&#8243;][vc_column_text]Gesundheit &amp; Umwelt: Unser Auftrag in der digitalen Transformation &hellip;<\/p>\n","protected":false},"author":4,"featured_media":0,"parent":17,"menu_order":0,"comment_status":"closed","ping_status":"closed","template":"","meta":[],"_links":{"self":[{"href":"https:\/\/www.logoconsult.at\/wp\/wp-json\/wp\/v2\/pages\/2297"}],"collection":[{"href":"https:\/\/www.logoconsult.at\/wp\/wp-json\/wp\/v2\/pages"}],"about":[{"href":"https:\/\/www.logoconsult.at\/wp\/wp-json\/wp\/v2\/types\/page"}],"author":[{"embeddable":true,"href":"https:\/\/www.logoconsult.at\/wp\/wp-json\/wp\/v2\/users\/4"}],"replies":[{"embeddable":true,"href":"https:\/\/www.logoconsult.at\/wp\/wp-json\/wp\/v2\/comments?post=2297"}],"version-history":[{"count":71,"href":"https:\/\/www.logoconsult.at\/wp\/wp-json\/wp\/v2\/pages\/2297\/revisions"}],"predecessor-version":[{"id":4665,"href":"https:\/\/www.logoconsult.at\/wp\/wp-json\/wp\/v2\/pages\/2297\/revisions\/4665"}],"up":[{"embeddable":true,"href":"https:\/\/www.logoconsult.at\/wp\/wp-json\/wp\/v2\/pages\/17"}],"wp:attachment":[{"href":"https:\/\/www.logoconsult.at\/wp\/wp-json\/wp\/v2\/media?parent=2297"}],"curies":[{"name":"wp","href":"https:\/\/api.w.org\/{rel}","templated":true}]}}