{"id":2177,"date":"2016-07-19T16:26:57","date_gmt":"2016-07-19T14:26:57","guid":{"rendered":"http:\/\/oz001hob.edis.at\/?page_id=2177"},"modified":"2020-01-29T09:37:05","modified_gmt":"2020-01-29T08:37:05","slug":"beratungsphilosophie","status":"publish","type":"page","link":"https:\/\/www.logoconsult.at\/wp\/unternehmen\/beratungsphilosophie\/","title":{"rendered":"Beratungsphilosophie"},"content":{"rendered":"<p>[vc_row][vc_column]<h1 class='heading-left  divider-sm' ><span>Wie wir Beratung verstehen wollen.<\/span><\/h1>[vc_column_text]<strong>Wir denken interdisziplin\u00e4r. Wir sind interdisziplin\u00e4r.<\/strong><\/p>\n<ul>\n<li>Unseren Kund(inn)en stehen das Wissen und die Erfahrung aus unterschiedlichen Beratungs- und Gesundheitsberufen zur Verf\u00fcgung<\/li>\n<\/ul>\n<p>[\/vc_column_text][vc_column_text]<strong>Wir beraten und begleiten: Systemisch orientiert. Sinn- und werteorientiert. Nachhaltig.<\/strong><\/p>\n<ul>\n<li>Ihr K\u00f6nnen und Wollen m\u00fcssen durch ein Wertemanagement im Unternehmen umgesetzt und nachhaltig integriert werden. Damit schaffen Sie die organisatorischen Voraussetzungen, um die Leistungsf\u00e4higkeit (Produktivit\u00e4t), die Leistungsbereitschaft (\u00dcbernahme von Verantwortung) und die psycho-soziale Gesundheit des Humankapitals im Unternehmen zu erhalten und zu f\u00f6rdern.<\/li>\n<\/ul>\n<ul>\n<li>Wir machen die Interaktions- und Kommunikationssysteme zum Gegenstand der Beratung.<\/li>\n<li>Die Wechselwirkungen der Systemmitglieder stehen im Fokus, anstelle der Eigenschaften isolierter Individuen.<\/li>\n<li>Problemverhalten (St\u00f6rungen) gelten als ungl\u00fcckliche Kommunikationen, statt als negative Zust\u00e4nde (Eigenarten) einzelner Personen.<\/li>\n<li>Menschen sind nicht frei von Systemen (Einfl\u00fcssen), aber frei, wie sie sich in Systemen, gegen\u00fcber Einfl\u00fcssen, verhalten k\u00f6nnen.<\/li>\n<\/ul>\n<p><strong>Wir f\u00f6rdern das K\u00f6nnen.<\/strong><\/p>\n<ul>\n<li>Sie und Ihr Team gewinnen mehr Leistungsf\u00e4higkeit, seelische Gesundheit und Ausgeglichenheit zwischen Beruf und Privat.<\/li>\n<\/ul>\n<p><strong>Wir f\u00f6rdern das Wollen. Die mentale St\u00e4rke.<\/strong><\/p>\n<ul>\n<li>Sie und Ihr Team gewinnen mehr Leistungsbereitschaft. Wohldefinierte Ziele sind eine sinnbereichernde Herausforderung<\/li>\n<\/ul>\n<p><strong>Wir sprechen gemeinsam \u00fcber Werte und Sinn.<\/strong><\/p>\n<ul>\n<li>Sie erh\u00f6hen dadurch die Motivation. Sie und Ihr Team wissen nicht nur, warum Sie arbeiten, Sie haben vor allem ein Wozu.<\/li>\n<\/ul>\n<h1>Beratungsarbeitsansatz<\/h1>\n<ul>\n<li>Wir arbeiten und denken zirkul\u00e4r, in gegenseitigen Abh\u00e4ngigkeiten statt Annahme linearer Ursache-Wirkungs-Zusammenh\u00e4nge.<\/li>\n<li>Wir akzentuieren die Beziehungsaspekte von Kommunikationen.<\/li>\n<li>Wir sehen uns als Anreger statt als Instrukteure.<\/li>\n<li>Wir arbeiten ressourcen- und l\u00f6sungsorientiert, f\u00f6rdern die Sozial- und Selbstkompetenz statt Defizite und Probleme zu vertiefen.<\/li>\n<\/ul>\n<h1>Beratungsgrundhaltung<\/h1>\n<ul>\n<li>Respekt gegen\u00fcber unseren Kunden(innen) \/ Klient(inn)en<\/li>\n<li>In unserer Auftragsorientierung bewahren wir unsere Allparteilichkeit (Neutralit\u00e4t, Neugier) und Anerkennen das \u201eNichtwissen\u201c.<\/li>\n<\/ul>\n<p>[\/vc_column_text][\/vc_column][\/vc_row]<\/p>\n","protected":false},"excerpt":{"rendered":"<p>[vc_row][vc_column][vc_column_text]Wir denken interdisziplin\u00e4r. Wir sind interdisziplin\u00e4r. Unseren Kund(inn)en stehen das Wissen und die Erfahrung aus unterschiedlichen Beratungs- und Gesundheitsberufen zur Verf\u00fcgung [\/vc_column_text][vc_column_text]Wir beraten und begleiten: Systemisch orientiert. Sinn- und werteorientiert. Nachhaltig. Ihr K\u00f6nnen und Wollen m\u00fcssen durch ein Wertemanagement im &hellip;<\/p>\n","protected":false},"author":4,"featured_media":0,"parent":11,"menu_order":0,"comment_status":"closed","ping_status":"closed","template":"","meta":[],"_links":{"self":[{"href":"https:\/\/www.logoconsult.at\/wp\/wp-json\/wp\/v2\/pages\/2177"}],"collection":[{"href":"https:\/\/www.logoconsult.at\/wp\/wp-json\/wp\/v2\/pages"}],"about":[{"href":"https:\/\/www.logoconsult.at\/wp\/wp-json\/wp\/v2\/types\/page"}],"author":[{"embeddable":true,"href":"https:\/\/www.logoconsult.at\/wp\/wp-json\/wp\/v2\/users\/4"}],"replies":[{"embeddable":true,"href":"https:\/\/www.logoconsult.at\/wp\/wp-json\/wp\/v2\/comments?post=2177"}],"version-history":[{"count":14,"href":"https:\/\/www.logoconsult.at\/wp\/wp-json\/wp\/v2\/pages\/2177\/revisions"}],"predecessor-version":[{"id":4429,"href":"https:\/\/www.logoconsult.at\/wp\/wp-json\/wp\/v2\/pages\/2177\/revisions\/4429"}],"up":[{"embeddable":true,"href":"https:\/\/www.logoconsult.at\/wp\/wp-json\/wp\/v2\/pages\/11"}],"wp:attachment":[{"href":"https:\/\/www.logoconsult.at\/wp\/wp-json\/wp\/v2\/media?parent=2177"}],"curies":[{"name":"wp","href":"https:\/\/api.w.org\/{rel}","templated":true}]}}