{"id":17,"date":"2016-07-18T16:17:36","date_gmt":"2016-07-18T14:17:36","guid":{"rendered":"http:\/\/oz001hob.edis.at\/?page_id=17"},"modified":"2020-01-29T17:12:38","modified_gmt":"2020-01-29T16:12:38","slug":"termine","status":"publish","type":"page","link":"https:\/\/www.logoconsult.at\/wp\/termine\/","title":{"rendered":"Termine"},"content":{"rendered":"<p>Unsere Veranstaltungen wenden sich an Privatpersonen und an Unternehmen aller Branchen.<\/p>\n<p>F\u00fcr firmeninterne Termine wenden Sie sich bitte direkt an uns.<br \/>\nGerne vereinbaren wir mit Ihnen einen Gespr\u00e4chstermin, um eine individuelle L\u00f6sung zu finden<br \/>\n.<\/p>\n<p><a href=\"http:\/\/www.logoconsult.at\/wp\/kontakt\/\">KONTAKT<\/a><\/p>\n","protected":false},"excerpt":{"rendered":"<p>Unsere Veranstaltungen wenden sich an Privatpersonen und an Unternehmen aller Branchen. F\u00fcr firmeninterne Termine wenden Sie sich bitte direkt an uns. Gerne vereinbaren wir mit Ihnen einen Gespr\u00e4chstermin, um eine individuelle L\u00f6sung zu finden . KONTAKT<\/p>\n","protected":false},"author":4,"featured_media":0,"parent":0,"menu_order":5,"comment_status":"closed","ping_status":"closed","template":"","meta":[],"_links":{"self":[{"href":"https:\/\/www.logoconsult.at\/wp\/wp-json\/wp\/v2\/pages\/17"}],"collection":[{"href":"https:\/\/www.logoconsult.at\/wp\/wp-json\/wp\/v2\/pages"}],"about":[{"href":"https:\/\/www.logoconsult.at\/wp\/wp-json\/wp\/v2\/types\/page"}],"author":[{"embeddable":true,"href":"https:\/\/www.logoconsult.at\/wp\/wp-json\/wp\/v2\/users\/4"}],"replies":[{"embeddable":true,"href":"https:\/\/www.logoconsult.at\/wp\/wp-json\/wp\/v2\/comments?post=17"}],"version-history":[{"count":5,"href":"https:\/\/www.logoconsult.at\/wp\/wp-json\/wp\/v2\/pages\/17\/revisions"}],"predecessor-version":[{"id":4475,"href":"https:\/\/www.logoconsult.at\/wp\/wp-json\/wp\/v2\/pages\/17\/revisions\/4475"}],"wp:attachment":[{"href":"https:\/\/www.logoconsult.at\/wp\/wp-json\/wp\/v2\/media?parent=17"}],"curies":[{"name":"wp","href":"https:\/\/api.w.org\/{rel}","templated":true}]}}